{"id":51,"date":"2011-01-04T14:23:31","date_gmt":"2011-01-04T12:23:31","guid":{"rendered":"http:\/\/localhost\/comenius\/?page_id=51"},"modified":"2015-01-10T15:12:07","modified_gmt":"2015-01-10T13:12:07","slug":"travels","status":"publish","type":"page","link":"https:\/\/www.liceutasnad.eu\/?page_id=51","title":{"rendered":"Travels"},"content":{"rendered":"<p>1.)\u00a0 5.-11. December 2010 &#8211; Hungary, T\u00f6r\u00f6kb\u00e1lint<\/p>\n<p>2.)\u00a0 6.-12. March 2011 &#8211; Spain,\u00a0 Seville<\/p>\n<p>3.)\u00a0 9.-15. October 2011 &#8211; Romania, Tasnad<\/p>\n<p>4.)\u00a0 5.-11. February 2012 &#8211; England, Leicester<\/p>\n<p>5.)\u00a0 April\/May 2012 &#8211; Turkey, Istambul<\/p>\n","protected":false},"excerpt":{"rendered":"<p>1.)\u00a0 5.-11. December 2010 &#8211; Hungary, T\u00f6r\u00f6kb\u00e1lint 2.)\u00a0 6.-12. March 2011 &#8211; Spain,\u00a0 Seville 3.)\u00a0 9.-15. October 2011 &#8211; Romania, Tasnad 4.)\u00a0 5.-11. February 2012 &#8211; England, Leicester 5.)\u00a0 April\/May 2012 &#8211; Turkey, Istambul<\/p>\n","protected":false},"author":1,"featured_media":0,"parent":2,"menu_order":2,"comment_status":"open","ping_status":"closed","template":"","meta":[],"_links":{"self":[{"href":"https:\/\/www.liceutasnad.eu\/index.php?rest_route=\/wp\/v2\/pages\/51"}],"collection":[{"href":"https:\/\/www.liceutasnad.eu\/index.php?rest_route=\/wp\/v2\/pages"}],"about":[{"href":"https:\/\/www.liceutasnad.eu\/index.php?rest_route=\/wp\/v2\/types\/page"}],"author":[{"embeddable":true,"href":"https:\/\/www.liceutasnad.eu\/index.php?rest_route=\/wp\/v2\/users\/1"}],"replies":[{"embeddable":true,"href":"https:\/\/www.liceutasnad.eu\/index.php?rest_route=%2Fwp%2Fv2%2Fcomments&post=51"}],"version-history":[{"count":21,"href":"https:\/\/www.liceutasnad.eu\/index.php?rest_route=\/wp\/v2\/pages\/51\/revisions"}],"predecessor-version":[{"id":1144,"href":"https:\/\/www.liceutasnad.eu\/index.php?rest_route=\/wp\/v2\/pages\/51\/revisions\/1144"}],"up":[{"embeddable":true,"href":"https:\/\/www.liceutasnad.eu\/index.php?rest_route=\/wp\/v2\/pages\/2"}],"wp:attachment":[{"href":"https:\/\/www.liceutasnad.eu\/index.php?rest_route=%2Fwp%2Fv2%2Fmedia&parent=51"}],"curies":[{"name":"wp","href":"https:\/\/api.w.org\/{rel}","templated":true}]}}