{"id":3442,"date":"2024-02-19T14:20:43","date_gmt":"2024-02-19T12:20:43","guid":{"rendered":"https:\/\/www.liceutasnad.eu\/?page_id=3442"},"modified":"2024-07-02T09:38:37","modified_gmt":"2024-07-02T07:38:37","slug":"proiecte","status":"publish","type":"page","link":"https:\/\/www.liceutasnad.eu\/?page_id=3442","title":{"rendered":"Anun\u021b &#8211; implementare proiect"},"content":{"rendered":"\n<figure class=\"wp-block-gallery has-nested-images columns-default is-cropped wp-block-gallery-1 is-layout-flex\">\n<figure class=\"wp-block-image size-large\"><a href=\"https:\/\/www.liceutasnad.eu\/wp-content\/uploads\/2024\/02\/Anunt-de-presa-Liceul-LTT.jpg\"><img decoding=\"async\" loading=\"lazy\" width=\"791\" height=\"1024\" data-id=\"3444\"  src=\"https:\/\/www.liceutasnad.eu\/wp-content\/uploads\/2024\/02\/Anunt-de-presa-Liceul-LTT-791x1024.jpg\" alt=\"\" class=\"wp-image-3444\" srcset=\"https:\/\/www.liceutasnad.eu\/wp-content\/uploads\/2024\/02\/Anunt-de-presa-Liceul-LTT-791x1024.jpg 791w, https:\/\/www.liceutasnad.eu\/wp-content\/uploads\/2024\/02\/Anunt-de-presa-Liceul-LTT-232x300.jpg 232w, https:\/\/www.liceutasnad.eu\/wp-content\/uploads\/2024\/02\/Anunt-de-presa-Liceul-LTT-768x994.jpg 768w, https:\/\/www.liceutasnad.eu\/wp-content\/uploads\/2024\/02\/Anunt-de-presa-Liceul-LTT-1187x1536.jpg 1187w, https:\/\/www.liceutasnad.eu\/wp-content\/uploads\/2024\/02\/Anunt-de-presa-Liceul-LTT.jpg 1275w\" sizes=\"(max-width: 791px) 100vw, 791px\" \/><\/a><\/figure>\n<\/figure>\n\n\n\n<p><\/p>\n\n\n\n<p><strong>ANUNT PUBLICITAR<\/strong> <strong>nr.8 &nbsp;din data 02.07.2024<\/strong><\/p>\n\n\n\n<p><strong>Achizi\u021bia de ECHIPAMENTE TEHNOLOGICE \u0218I SERVICII DE CONECTARE<\/strong><\/p>\n\n\n\n<p><strong> (Lot 1)<\/strong><\/p>\n\n\n\n<p>Stimat\u0103 Doamn\u0103\/ Stimate Domnule,<\/p>\n\n\n\n<p>LICEUL TEHNOLOGIC TASNAD implementeaz\u0103, in calitate de beneficiar, proiectul DOTAREA LICEULUI TEHNOLOGIC TASNADCU UN LABORATOR INTELIGENT (\u201dSMART LAB\u201d), IN VEDEREA CRESTERII CALITATII PROCESULUI EDUCATIONAL, \u00een cadrul Apelului Dotarea cu laboratoare inteligente a unit\u0103\u021bilor de \u00eenv\u0103\u021b\u0103m\u00e2nt secundar superior, a palatelor \u0219i a cluburilor copiilor, parte a Planului Na\u021bional pentru Redresare \u0219i Rezilien\u021b\u0103 al Rom\u00e2niei (PNRR) \u0219i inten\u021bioneaz\u0103 s\u0103 utilizeze o parte din fonduri pentru achizi\u021bia produselor pentru care a fost emis prezentul anunt publicitar.<\/p>\n\n\n\n<p>\u00cen acest sens, sunte\u021bi invita\u021bi s\u0103 trimite\u021bi oferta dumneavoastr\u0103 de pret, in conformitate cu cerintele din caietul de sarcini si documentatia atasata, pentru urm\u0103toarele produse:<\/p>\n\n\n\n<figure class=\"wp-block-table\"><table><tbody><tr><td>Nr. Crt.<\/td><td>Produse<\/td><td>UM<\/td><td>Cantitate<\/td><\/tr><tr><td><strong>I.<\/strong><\/td><td><strong>Echipamente tehnologice si servicii de conectare:<\/strong><\/td><td>&nbsp;<\/td><td>&nbsp;<\/td><\/tr><tr><td>1.<\/td><td>Display interactiv (tabla interactiva)<\/td><td>buc<\/td><td>1<\/td><\/tr><tr><td>2.<\/td><td>Suport pentru display interactiv<\/td><td>buc<\/td><td>1<\/td><\/tr><tr><td>3.<\/td><td>Imprimant\u0103 3D policolor\u0103<\/td><td>buc<\/td><td>1<\/td><\/tr><tr><td>4.<\/td><td>Scaner 3D fix<\/td><td>buc<\/td><td>2<\/td><\/tr><tr><td>5.<\/td><td>Robot educational (set de 12 buc.)<\/td><td>set<\/td><td>1<\/td><\/tr><tr><td>6.<\/td><td>Kituri robotice pentru \u00eencep\u0103tori sau avansa\u0163i (pentru 12 elevi)<\/td><td>set<\/td><td>1<\/td><\/tr><tr><td>7.<\/td><td>Creion 3D (set de 24 buc.)<\/td><td>set<\/td><td>1<\/td><\/tr><tr><td>8.<\/td><td>Ochelari de realitate virtual\u0103 VR\/AR (set de 24 buc.)<\/td><td>set<\/td><td>1<\/td><\/tr><tr><td>9.<\/td><td>Camer\u0103 videoconferin\u0163\u0103<\/td><td>buc<\/td><td>1<\/td><\/tr><tr><td>10.<\/td><td>Sistem sunet<\/td><td>buc<\/td><td>1<\/td><\/tr><tr><td>11.<\/td><td>Sistem All-In-One<\/td><td>buc<\/td><td>1<\/td><\/tr><tr><td>12.<\/td><td>Camera de documente<\/td><td>buc<\/td><td>1<\/td><\/tr><tr><td>13.<\/td><td>Servicii pentru conectarea dispozitivelor la reteaua de comunicatii<\/td><td>buc<\/td><td>1<\/td><\/tr><\/tbody><\/table><\/figure>\n\n\n\n<p>Specifica\u021biile tehnice solicitate (conform Ordinului ME nr. 3497\/30.03.2022 pentru aprobarea standardelor de echipare a unit\u0103\u021bilor de \u00eenv\u0103\u021b\u0103m\u00e2nt preuniversitar cu echipamente tehnologice, cu modific\u0103rile \u0219i complet\u0103rile ulterioare ) pentru fiecare dintre produse, sunt consemnate in caietul de sarcini atasat.<\/p>\n\n\n\n<p><strong>Tip contract: Furnizare produse<\/strong><\/p>\n\n\n\n<p><strong>Valoarea estimat\u0103 a achizi\u021biei este de: 248.618 lei f\u0103r\u0103 TVA.<\/strong><\/p>\n\n\n\n<p><\/p>\n\n\n\n<div class=\"wp-block-file\"><object class=\"wp-block-file__embed\" data=\"https:\/\/www.liceutasnad.eu\/wp-content\/uploads\/2024\/07\/ANUNT-PUBLICITAR-nr.-8.pdf\" type=\"application\/pdf\" style=\"width:100%;height:600px\" aria-label=\"Embed of ANUNT-PUBLICITAR-nr.-8.\"><\/object><a id=\"wp-block-file--media-7b04a765-07b1-4a3a-b1be-13540bb32011\" href=\"https:\/\/www.liceutasnad.eu\/wp-content\/uploads\/2024\/07\/ANUNT-PUBLICITAR-nr.-8.pdf\">ANUNT-PUBLICITAR-nr.-8<\/a><a href=\"https:\/\/www.liceutasnad.eu\/wp-content\/uploads\/2024\/07\/ANUNT-PUBLICITAR-nr.-8.pdf\" class=\"wp-block-file__button wp-element-button\" download aria-describedby=\"wp-block-file--media-7b04a765-07b1-4a3a-b1be-13540bb32011\">Download<\/a><\/div>\n\n\n\n<div class=\"wp-block-file\"><a id=\"wp-block-file--media-6ebdddeb-b918-4a60-bcaa-57e0a9ac8e8f\" href=\"https:\/\/www.liceutasnad.eu\/wp-content\/uploads\/2024\/07\/Formulare-pentru-ofertanti-nr.8.docx\">Formulare-pentru-ofertanti-nr.8<\/a><a href=\"https:\/\/www.liceutasnad.eu\/wp-content\/uploads\/2024\/07\/Formulare-pentru-ofertanti-nr.8.docx\" class=\"wp-block-file__button wp-element-button\" download aria-describedby=\"wp-block-file--media-6ebdddeb-b918-4a60-bcaa-57e0a9ac8e8f\">Download<\/a><\/div>\n\n\n\n<p><strong>ANUNT PUBLICITAR<\/strong> <strong>nr.9 din data 02.07.2024<\/strong><\/p>\n\n\n\n<p><strong>Achizi\u021bia de SOFTWARE SI CONTINUT EDUCATIONAL (Lot 2)<\/strong><\/p>\n\n\n\n<p>Stimat\u0103 Doamn\u0103\/ Stimate Domnule,<\/p>\n\n\n\n<p>LICEUL TEHNOLOGIC TASNAD implementeaz\u0103, in calitate de beneficiar, proiectul DOTAREA LICEULUI TEHNOLOGIC TASNADCU UN LABORATOR INTELIGENT (\u201dSMART LAB\u201d), IN VEDEREA CRESTERII CALITATII PROCESULUI EDUCATIONAL, \u00een cadrul Apelului Dotarea cu laboratoare inteligente a unit\u0103\u021bilor de \u00eenv\u0103\u021b\u0103m\u00e2nt secundar superior, a palatelor \u0219i a cluburilor copiilor, parte a Planului Na\u021bional pentru Redresare \u0219i Rezilien\u021b\u0103 al Rom\u00e2niei (PNRR) \u0219i inten\u021bioneaz\u0103 s\u0103 utilizeze o parte din fonduri pentru achizi\u021bia produselor pentru care a fost care a fost emis prezentul anunt publicitar.<\/p>\n\n\n\n<p>\u00cen acest sens, sunte\u021bi invita\u021bi s\u0103 trimite\u021bi oferta dumneavoastr\u0103 de pret, in conformitate cu cerintele din caietul de sarcini si documentatia atasata, pentru urm\u0103toarele produse:<\/p>\n\n\n\n<figure class=\"wp-block-table\"><table><tbody><tr><td>Nr. Crt.<\/td><td>Produse<\/td><td>UM<\/td><td>Cantitate<\/td><\/tr><tr><td><strong>I.<\/strong><\/td><td><strong>Software si continut educational:<\/strong><\/td><td>&nbsp;<\/td><td>&nbsp;<\/td><\/tr><tr><td>1.<\/td><td>Platforma e-learning<\/td><td>buc<\/td><td>1<\/td><\/tr><tr><td>2.<\/td><td>Licenta laborator digital<\/td><td>buc<\/td><td>1<\/td><\/tr><\/tbody><\/table><\/figure>\n\n\n\n<p>Specifica\u021biile tehnice solicitate (conform Ordinului ME nr. 3497\/30.03.2022 pentru aprobarea standardelor de echipare a unit\u0103\u021bilor de \u00eenv\u0103\u021b\u0103m\u00e2nt preuniversitar cu echipamente tehnologice, cu modific\u0103rile \u0219i complet\u0103rile ulterioare ) pentru fiecare dintre produse, sunt consemnate in caietul de sarcini atasat.<\/p>\n\n\n\n<div class=\"wp-block-file\"><object class=\"wp-block-file__embed\" data=\"https:\/\/www.liceutasnad.eu\/wp-content\/uploads\/2024\/07\/ANUNT-PUBLICITAR-nr.-9.pdf\" type=\"application\/pdf\" style=\"width:100%;height:600px\" aria-label=\"Embed of ANUNT-PUBLICITAR-nr.-9.\"><\/object><a id=\"wp-block-file--media-8f3b0454-03a8-41f6-a95c-90a23167c8ae\" href=\"https:\/\/www.liceutasnad.eu\/wp-content\/uploads\/2024\/07\/ANUNT-PUBLICITAR-nr.-9.pdf\">ANUNT-PUBLICITAR-nr.-9<\/a><a href=\"https:\/\/www.liceutasnad.eu\/wp-content\/uploads\/2024\/07\/ANUNT-PUBLICITAR-nr.-9.pdf\" class=\"wp-block-file__button wp-element-button\" download aria-describedby=\"wp-block-file--media-8f3b0454-03a8-41f6-a95c-90a23167c8ae\">Download<\/a><\/div>\n\n\n\n<div class=\"wp-block-file\"><a id=\"wp-block-file--media-5bb8ae7d-32c9-40a4-9f4e-8fca7a6415ff\" href=\"https:\/\/www.liceutasnad.eu\/wp-content\/uploads\/2024\/07\/Formulare-pentru-ofertanti-nr-9.docx\">Formulare-pentru-ofertanti-nr-9<\/a><a href=\"https:\/\/www.liceutasnad.eu\/wp-content\/uploads\/2024\/07\/Formulare-pentru-ofertanti-nr-9.docx\" class=\"wp-block-file__button wp-element-button\" download aria-describedby=\"wp-block-file--media-5bb8ae7d-32c9-40a4-9f4e-8fca7a6415ff\">Download<\/a><\/div>\n","protected":false},"excerpt":{"rendered":"<p>ANUNT PUBLICITAR nr.8 &nbsp;din data 02.07.2024 Achizi\u021bia de ECHIPAMENTE TEHNOLOGICE \u0218I SERVICII DE CONECTARE (Lot 1) Stimat\u0103 Doamn\u0103\/ Stimate Domnule, LICEUL TEHNOLOGIC TASNAD implementeaz\u0103, in calitate de beneficiar, proiectul DOTAREA LICEULUI TEHNOLOGIC TASNADCU UN LABORATOR INTELIGENT (\u201dSMART LAB\u201d), IN VEDEREA &hellip; <a href=\"https:\/\/www.liceutasnad.eu\/?page_id=3442\">Continue reading <span class=\"meta-nav\">&rarr;<\/span><\/a><\/p>\n","protected":false},"author":1,"featured_media":0,"parent":0,"menu_order":0,"comment_status":"closed","ping_status":"closed","template":"","meta":[],"_links":{"self":[{"href":"https:\/\/www.liceutasnad.eu\/index.php?rest_route=\/wp\/v2\/pages\/3442"}],"collection":[{"href":"https:\/\/www.liceutasnad.eu\/index.php?rest_route=\/wp\/v2\/pages"}],"about":[{"href":"https:\/\/www.liceutasnad.eu\/index.php?rest_route=\/wp\/v2\/types\/page"}],"author":[{"embeddable":true,"href":"https:\/\/www.liceutasnad.eu\/index.php?rest_route=\/wp\/v2\/users\/1"}],"replies":[{"embeddable":true,"href":"https:\/\/www.liceutasnad.eu\/index.php?rest_route=%2Fwp%2Fv2%2Fcomments&post=3442"}],"version-history":[{"count":6,"href":"https:\/\/www.liceutasnad.eu\/index.php?rest_route=\/wp\/v2\/pages\/3442\/revisions"}],"predecessor-version":[{"id":3465,"href":"https:\/\/www.liceutasnad.eu\/index.php?rest_route=\/wp\/v2\/pages\/3442\/revisions\/3465"}],"wp:attachment":[{"href":"https:\/\/www.liceutasnad.eu\/index.php?rest_route=%2Fwp%2Fv2%2Fmedia&parent=3442"}],"curies":[{"name":"wp","href":"https:\/\/api.w.org\/{rel}","templated":true}]}}