{"id":3097,"date":"2020-06-04T21:26:01","date_gmt":"2020-06-04T19:26:01","guid":{"rendered":"http:\/\/www.liceutasnad.eu\/?page_id=3097"},"modified":"2022-04-08T12:32:18","modified_gmt":"2022-04-08T10:32:18","slug":"excelenta-in-educatie-afirmare-la-locul-de-munca","status":"publish","type":"page","link":"https:\/\/www.liceutasnad.eu\/?page_id=3097","title":{"rendered":"Excelen\u021b\u0103 \u00een educa\u021bie &#8211; afirmare la locul de munc\u0103"},"content":{"rendered":"<p>Societatea \u00een care tr\u0103im ast\u0103zi se dezvolt\u0103 \u00eentr-un ritm alert, iar cuno\u0219tin\u021bele \u0219i abilit\u0103\u021bile cerute tinerilor speciali\u0219ti sunt \u00een continu\u0103 schimbare. O societate integr\u0103 \u0219i prosper\u0103 are nevoie de excelen\u021b\u0103.<\/p>\n<h3 style=\"text-align: center;\"><b>Deviza tuturor celor care \u00ee\u015fi desf\u0103\u015foar\u0103 activitatea \u00een liceul de pe coline este:\u00a0<\/b><b>NIHIL MAGNUM SINE ARDORE!\u00a0<\/b><\/h3>\n<h3 style=\"text-align: center;\"><b>(Nimic m\u0103re\u0163 nu se poate realiza f\u0103r\u0103 pasiune!)<\/b><\/h3>\n<p style=\"text-align: justify;\"><span style=\"color: red;\">Excelen\u021ba trebuie sus\u021binut\u0103 \u00een toate domeniile, mai ales \u00een educa\u021bie. O societate este, p\u00e2n\u0103 la urm\u0103, la fel ca o echip\u0103, care c\u00e2\u0219tig\u0103 dac\u0103 fiecare \u00ee\u0219i g\u0103se\u0219te zona de expertiz\u0103 \u0219i excelen\u021b\u0103, dac\u0103 fiecare este \u00eencurajat s\u0103 creasc\u0103 \u0219i este motivat s\u0103 fie c\u00e2t mai bun \u00een ceea ce face.<\/span><\/p>\n<div style=\"width: 640px;\" class=\"wp-video\"><!--[if lt IE 9]><script>document.createElement('video');<\/script><![endif]-->\n<video class=\"wp-video-shortcode\" id=\"video-3097-1\" width=\"640\" height=\"360\" preload=\"metadata\" controls=\"controls\"><source type=\"video\/mp4\" src=\"http:\/\/www.liceutasnad.eu\/wp-content\/uploads\/2022\/04\/sudor.mp4?_=1\" \/><a href=\"http:\/\/www.liceutasnad.eu\/wp-content\/uploads\/2022\/04\/sudor.mp4\">http:\/\/www.liceutasnad.eu\/wp-content\/uploads\/2022\/04\/sudor.mp4<\/a><\/video><\/div>\n<p style=\"text-align: justify;\"><br \/><img decoding=\"async\" loading=\"lazy\" class=\"alignleft size-thumbnail wp-image-3076\" src=\"http:\/\/www.liceutasnad.eu\/wp-content\/uploads\/2020\/06\/slide0019_image023-150x150.jpg\" alt=\"\" width=\"150\" height=\"150\" \/>Pentru a reu\u0219i s\u0103 se afirme la locul de munc\u0103 \u0219i a \u021bine pasul schimb\u0103rilor, tinerii au nevoie s\u0103 \u00een\u021beleag\u0103 ce le place s\u0103 fac\u0103 cu adev\u0103rat \u0219i care este voca\u021bia lor \u00een via\u021b\u0103.<\/p>\n<p style=\"text-align: justify;\">Valoarea \u0219colii este de a educa tinerii \u00een spiritul societ\u0103\u021bii \u00een care dorim s\u0103 tr\u0103im, o societate care promoveaz\u0103 munca \u0219i performan\u021ba, \u00een care conteaz\u0103 valoarea fiec\u0103rei persoane \u0219i care are grij\u0103 ca nici un copil s\u0103 nu piard\u0103 \u0219ansele pe care i le confer\u0103 talentul.<\/p>\n<p style=\"text-align: justify;\">\u0218i \u00een cadrul <strong>Liceului Tehnologic T\u0103\u0219nad<\/strong> se pune accent pe \u00eenv\u0103\u021b\u0103m\u00e2ntul profesional, astfel avem dou\u0103 specializ\u0103ri <em>l\u0103c\u0103tu\u0219 construc\u021bii metalice \u0219i utilaj tehnologic<\/em>, respectiv <em>sudor<\/em>\u00a0 at\u00e2t la sec\u021bia rom\u00e2n\u0103 c\u00e2t \u0219i sec\u021bia maghiar\u0103.<\/p>\n<p style=\"text-align: justify;\">De asemenea avem o colaborare foarte bun\u0103 cu operatorul economic<strong> Sfl Technologies T\u0103\u0219nad<\/strong>, care asigur\u0103 elevilor \u0219colii profesionale spa\u021biul adecvat \u0219i dotat pentru buna desfa\u0219urare a stagiilor de preg\u0103tire practic\u0103, echipament de munc\u0103 gratuit al\u0103turi de\u00a0 posibilitatea angaj\u0103rii la finalizarea studiilor.<\/p>\n\n\n<p><\/p>\n","protected":false},"excerpt":{"rendered":"<p>Societatea \u00een care tr\u0103im ast\u0103zi se dezvolt\u0103 \u00eentr-un ritm alert, iar cuno\u0219tin\u021bele \u0219i abilit\u0103\u021bile cerute tinerilor speciali\u0219ti sunt \u00een continu\u0103 schimbare. O societate integr\u0103 \u0219i prosper\u0103 are nevoie de excelen\u021b\u0103. Deviza tuturor celor care \u00ee\u015fi desf\u0103\u015foar\u0103 activitatea \u00een liceul de &hellip; <a href=\"https:\/\/www.liceutasnad.eu\/?page_id=3097\">Continue reading <span class=\"meta-nav\">&rarr;<\/span><\/a><\/p>\n","protected":false},"author":1,"featured_media":0,"parent":1409,"menu_order":0,"comment_status":"closed","ping_status":"closed","template":"","meta":[],"_links":{"self":[{"href":"https:\/\/www.liceutasnad.eu\/index.php?rest_route=\/wp\/v2\/pages\/3097"}],"collection":[{"href":"https:\/\/www.liceutasnad.eu\/index.php?rest_route=\/wp\/v2\/pages"}],"about":[{"href":"https:\/\/www.liceutasnad.eu\/index.php?rest_route=\/wp\/v2\/types\/page"}],"author":[{"embeddable":true,"href":"https:\/\/www.liceutasnad.eu\/index.php?rest_route=\/wp\/v2\/users\/1"}],"replies":[{"embeddable":true,"href":"https:\/\/www.liceutasnad.eu\/index.php?rest_route=%2Fwp%2Fv2%2Fcomments&post=3097"}],"version-history":[{"count":4,"href":"https:\/\/www.liceutasnad.eu\/index.php?rest_route=\/wp\/v2\/pages\/3097\/revisions"}],"predecessor-version":[{"id":3293,"href":"https:\/\/www.liceutasnad.eu\/index.php?rest_route=\/wp\/v2\/pages\/3097\/revisions\/3293"}],"up":[{"embeddable":true,"href":"https:\/\/www.liceutasnad.eu\/index.php?rest_route=\/wp\/v2\/pages\/1409"}],"wp:attachment":[{"href":"https:\/\/www.liceutasnad.eu\/index.php?rest_route=%2Fwp%2Fv2%2Fmedia&parent=3097"}],"curies":[{"name":"wp","href":"https:\/\/api.w.org\/{rel}","templated":true}]}}