{"id":3093,"date":"2020-06-04T21:16:04","date_gmt":"2020-06-04T19:16:04","guid":{"rendered":"http:\/\/www.liceutasnad.eu\/?page_id=3093"},"modified":"2020-06-04T22:16:03","modified_gmt":"2020-06-04T20:16:03","slug":"schimbam-societatea-evoluand-si-invatand-meserie","status":"publish","type":"page","link":"https:\/\/www.liceutasnad.eu\/?page_id=3093","title":{"rendered":"Schimbam societatea  evolu\u00e2nd \u0219i \u00eenv\u0103\u021b\u00e2nd meserie"},"content":{"rendered":"<p style=\"text-align: justify;\">Elevii \u0219colii profesionale de la Liceul Tehnologic T\u0103\u0219nad au participat la prima edi\u0163ie a unui concurs interna\u0163ional de sudur\u0103 destinat elevilor care frecventeaz\u0103 \u00eenv\u0103\u0163\u0103m\u00e2ntul profesional, ce\u00a0 a avut loc \u00een data de 25 mai 2019 \u00een Carei. Concursul, intitulat \u201e\u00cempreun\u0103 \u00eenv\u0103\u0163\u0103m meserie\u201d, a fost organizat de c\u0103tre Liceul Tehnologic Simion B\u0103rnu\u0163iu din Carei, \u00een colaborare cu firma Steiger SRL.<\/p>\n<p style=\"text-align: justify;\">La concursul interna\u0163ional, care s-a desf\u0103\u015furat la sediul firmei Steiger SRL, au participat elevi de la Liceul Tehnologic Simion B\u0103rnu\u0163iu Carei, Liceul Tehnologic T\u0103\u015fnad, Liceul Tehnologc Anghel Saligny Tur\u0163 \u015fi de la Szakkepzesi Centrum Deri Miksa Szakgimnazium Szakkozepiskola es Kollegium din Mateszalka (Ungaria). Sub supravegherea cadrelor didactice \u015fi a speciali\u015ftilor firmei Steiger, elevii s-au \u00eentrecut \u00een cadrul a dou\u0103 probe de sudur\u0103.<\/p>\n<p style=\"text-align: justify;\">\u00cen urma juriz\u0103rii, elevii de la Liceul Tehnologic din T\u0103\u0219nad au luat urm\u0103toarele premii:<\/p>\n<p style=\"text-align: justify;\"><img decoding=\"async\" loading=\"lazy\" class=\"alignleft size-thumbnail wp-image-3087\" src=\"http:\/\/www.liceutasnad.eu\/wp-content\/uploads\/2020\/06\/image055-150x150.jpg\" alt=\"\" width=\"150\" height=\"150\" \/>Premiul al III-lea \u2013\u00a0elevul Tompe Istvan de la Liceul Tehnologc T\u0103\u015fnad, profesori coordonatori Sabo Emil \u015fi Gheorghioi Ioan;<\/p>\n<p style=\"text-align: justify;\">Men\u0163iune 2 \u2013\u00a0eleva Balog Renata de la Liceul Tehnologic T\u0103\u015fnad, profesori coordonatori Sabo Emil \u015fi Szabo Marta;<\/p>\n<p style=\"text-align: justify;\">Festivitatea de premiere a avut loc la sediul firmei Steiger. Pe <img decoding=\"async\" loading=\"lazy\" class=\"alignleft size-thumbnail wp-image-3089\" src=\"http:\/\/www.liceutasnad.eu\/wp-content\/uploads\/2020\/06\/image056-150x150.jpg\" alt=\"\" width=\"150\" height=\"150\" \/>l\u00e2ng\u0103 diplome, to\u0163i elevii au primit premii oferite de firma care a g\u0103zduit concursul. Premiile au fost \u00eenm\u00e2nate de c\u0103tre directorul Liceului Tehnologic Simion B\u0103rnu\u0163iu, Emeric Gindele, directorul adjunct Mircea Terhe\u015f \u015fi inginerul Prodan din partea firmei Steiger.<\/p>\n<p style=\"text-align: justify;\">Ce suntem\u2026!? Suntem o \u015fcoal\u0103 performant\u0103, datorit\u0103 elevilor, suntem un colectiv a c\u0103rui principal\u0103 calitate este dorin\u0163a de foarte bine materializat\u0103 prin munc\u0103, printr-o munc\u0103 asidu\u0103, d\u0103ruit\u0103 idealurilor de performan\u0163\u0103; suntem elevii care \u015ftiu ce vor de la viitor \u015fi se preg\u0103tesc \u00een acest scop; suntem simbolul corectitudinii \u015fi d\u0103ruirii profesionale; suntem noi, Liceul Tehnologic T\u0103\u0219nad.<\/p>\n<p style=\"text-align: justify;\">Ce vom fi\u2026!? Vom fi viitorul a\u015fa cum \u00eel vis\u0103m; vom fi cei ce vor sem\u0103na \u00een continuare educa\u0163ia bunului sim\u0163, al toleran\u021bei \u0219i al iubirii fa\u021b\u0103 de semeni \u015fi al dorin\u0163ei de foarte bine. Ne afl\u0103m pe direc\u0163ia cea bun\u0103 pentru \u00eendeplinirea obiectivelor pe care ni le-am propus. Suntem con\u015ftien\u0163i c\u0103 ne afl\u0103m pe un drum ascendent spre perfec\u0163ionarea procesului de \u00eenv\u0103\u0163\u0103m\u00eent, ca rezultat al ac\u0163iunilor convergente ce vor avea la \u00eendem\u00e2n\u0103 trei elemente esen\u0163iale: copii, elevii, p\u0103rin\u0163ii \u015fi comunitate, dorim calitate \u00een tot ceea ce \u00eentreprindem, ca o garan\u0163ie a durabilit\u0103\u0163ii realiz\u0103rii scopului propus.<\/p>\n<p><img decoding=\"async\" loading=\"lazy\" class=\"alignleft size-full wp-image-3090\" src=\"http:\/\/www.liceutasnad.eu\/wp-content\/uploads\/2020\/06\/image057.jpg\" alt=\"\" width=\"616\" height=\"408\" srcset=\"https:\/\/www.liceutasnad.eu\/wp-content\/uploads\/2020\/06\/image057.jpg 616w, https:\/\/www.liceutasnad.eu\/wp-content\/uploads\/2020\/06\/image057-300x199.jpg 300w\" sizes=\"(max-width: 616px) 100vw, 616px\" \/><\/p>\n","protected":false},"excerpt":{"rendered":"<p>Elevii \u0219colii profesionale de la Liceul Tehnologic T\u0103\u0219nad au participat la prima edi\u0163ie a unui concurs interna\u0163ional de sudur\u0103 destinat elevilor care frecventeaz\u0103 \u00eenv\u0103\u0163\u0103m\u00e2ntul profesional, ce\u00a0 a avut loc \u00een data de 25 mai 2019 \u00een Carei. Concursul, intitulat \u201e\u00cempreun\u0103 &hellip; <a href=\"https:\/\/www.liceutasnad.eu\/?page_id=3093\">Continue reading <span class=\"meta-nav\">&rarr;<\/span><\/a><\/p>\n","protected":false},"author":1,"featured_media":0,"parent":1409,"menu_order":2,"comment_status":"closed","ping_status":"closed","template":"","meta":[],"_links":{"self":[{"href":"https:\/\/www.liceutasnad.eu\/index.php?rest_route=\/wp\/v2\/pages\/3093"}],"collection":[{"href":"https:\/\/www.liceutasnad.eu\/index.php?rest_route=\/wp\/v2\/pages"}],"about":[{"href":"https:\/\/www.liceutasnad.eu\/index.php?rest_route=\/wp\/v2\/types\/page"}],"author":[{"embeddable":true,"href":"https:\/\/www.liceutasnad.eu\/index.php?rest_route=\/wp\/v2\/users\/1"}],"replies":[{"embeddable":true,"href":"https:\/\/www.liceutasnad.eu\/index.php?rest_route=%2Fwp%2Fv2%2Fcomments&post=3093"}],"version-history":[{"count":4,"href":"https:\/\/www.liceutasnad.eu\/index.php?rest_route=\/wp\/v2\/pages\/3093\/revisions"}],"predecessor-version":[{"id":3107,"href":"https:\/\/www.liceutasnad.eu\/index.php?rest_route=\/wp\/v2\/pages\/3093\/revisions\/3107"}],"up":[{"embeddable":true,"href":"https:\/\/www.liceutasnad.eu\/index.php?rest_route=\/wp\/v2\/pages\/1409"}],"wp:attachment":[{"href":"https:\/\/www.liceutasnad.eu\/index.php?rest_route=%2Fwp%2Fv2%2Fmedia&parent=3093"}],"curies":[{"name":"wp","href":"https:\/\/api.w.org\/{rel}","templated":true}]}}