{"id":2741,"date":"2018-11-12T22:30:34","date_gmt":"2018-11-12T20:30:34","guid":{"rendered":"http:\/\/www.liceutasnad.eu\/?page_id=2741"},"modified":"2018-11-21T23:46:42","modified_gmt":"2018-11-21T21:46:42","slug":"balul-bobocilor-2018","status":"publish","type":"page","link":"https:\/\/www.liceutasnad.eu\/?page_id=2741","title":{"rendered":"Balul Bobocilor &#8211; 2018"},"content":{"rendered":"<hr \/>\n<p><img decoding=\"async\" loading=\"lazy\" class=\"alignleft wp-image-2743\" src=\"http:\/\/www.liceutasnad.eu\/wp-content\/uploads\/2018\/11\/afis-bal-boboci-2018.jpg\" alt=\"\" width=\"601\" height=\"849\" srcset=\"https:\/\/www.liceutasnad.eu\/wp-content\/uploads\/2018\/11\/afis-bal-boboci-2018.jpg 1080w, https:\/\/www.liceutasnad.eu\/wp-content\/uploads\/2018\/11\/afis-bal-boboci-2018-212x300.jpg 212w, https:\/\/www.liceutasnad.eu\/wp-content\/uploads\/2018\/11\/afis-bal-boboci-2018-768x1086.jpg 768w, https:\/\/www.liceutasnad.eu\/wp-content\/uploads\/2018\/11\/afis-bal-boboci-2018-724x1024.jpg 724w\" sizes=\"(max-width: 601px) 100vw, 601px\" \/><br \/>\n<img decoding=\"async\" loading=\"lazy\" class=\"alignleft size-full wp-image-2799\" src=\"http:\/\/www.liceutasnad.eu\/wp-content\/uploads\/2018\/11\/DSC_0374.jpg\" alt=\"\" width=\"630\" height=\"425\" srcset=\"https:\/\/www.liceutasnad.eu\/wp-content\/uploads\/2018\/11\/DSC_0374.jpg 630w, https:\/\/www.liceutasnad.eu\/wp-content\/uploads\/2018\/11\/DSC_0374-300x202.jpg 300w\" sizes=\"(max-width: 630px) 100vw, 630px\" \/><br \/>\n<img decoding=\"async\" loading=\"lazy\" class=\"alignleft size-full wp-image-2800\" src=\"http:\/\/www.liceutasnad.eu\/wp-content\/uploads\/2018\/11\/DSC_0377.jpg\" alt=\"\" width=\"630\" height=\"420\" srcset=\"https:\/\/www.liceutasnad.eu\/wp-content\/uploads\/2018\/11\/DSC_0377.jpg 630w, https:\/\/www.liceutasnad.eu\/wp-content\/uploads\/2018\/11\/DSC_0377-300x200.jpg 300w\" sizes=\"(max-width: 630px) 100vw, 630px\" \/><br \/>\n<img decoding=\"async\" loading=\"lazy\" class=\"alignleft size-full wp-image-2801\" src=\"http:\/\/www.liceutasnad.eu\/wp-content\/uploads\/2018\/11\/DSC_0446.jpg\" alt=\"\" width=\"630\" height=\"448\" srcset=\"https:\/\/www.liceutasnad.eu\/wp-content\/uploads\/2018\/11\/DSC_0446.jpg 630w, https:\/\/www.liceutasnad.eu\/wp-content\/uploads\/2018\/11\/DSC_0446-300x213.jpg 300w\" sizes=\"(max-width: 630px) 100vw, 630px\" \/><br \/>\n<img decoding=\"async\" loading=\"lazy\" class=\"alignleft wp-image-2797\" src=\"http:\/\/www.liceutasnad.eu\/wp-content\/uploads\/2018\/11\/46520386_189523125290022_4887165199317991424_n.png\" alt=\"\" width=\"325\" height=\"655\" srcset=\"https:\/\/www.liceutasnad.eu\/wp-content\/uploads\/2018\/11\/46520386_189523125290022_4887165199317991424_n.png 476w, https:\/\/www.liceutasnad.eu\/wp-content\/uploads\/2018\/11\/46520386_189523125290022_4887165199317991424_n-149x300.png 149w\" sizes=\"(max-width: 325px) 100vw, 325px\" \/><br \/>\n&nbsp;&nbsp;&nbsp;&nbsp;&nbsp;<br \/>\nMiss\u00a0\u0219i Mister Boboc 2018, Res Gertrude \u0219i\u00a0Mustea Andrei<\/p>\n<p><a href=\"https:\/\/actualitateasm.ro\/stiri\/95603-res-gertrude-si-andrei-mustea-au-fost-desemnati-miss-si-mister-liceul-tehnologic-tasnad\/\">Actualitatea S\u0103tm\u0103rean\u0103<\/a><\/p>\n","protected":false},"excerpt":{"rendered":"<p>&nbsp;&nbsp;&nbsp;&nbsp;&nbsp; Miss\u00a0\u0219i Mister Boboc 2018, Res Gertrude \u0219i\u00a0Mustea Andrei Actualitatea S\u0103tm\u0103rean\u0103<\/p>\n","protected":false},"author":1,"featured_media":0,"parent":1389,"menu_order":0,"comment_status":"closed","ping_status":"closed","template":"","meta":[],"_links":{"self":[{"href":"https:\/\/www.liceutasnad.eu\/index.php?rest_route=\/wp\/v2\/pages\/2741"}],"collection":[{"href":"https:\/\/www.liceutasnad.eu\/index.php?rest_route=\/wp\/v2\/pages"}],"about":[{"href":"https:\/\/www.liceutasnad.eu\/index.php?rest_route=\/wp\/v2\/types\/page"}],"author":[{"embeddable":true,"href":"https:\/\/www.liceutasnad.eu\/index.php?rest_route=\/wp\/v2\/users\/1"}],"replies":[{"embeddable":true,"href":"https:\/\/www.liceutasnad.eu\/index.php?rest_route=%2Fwp%2Fv2%2Fcomments&post=2741"}],"version-history":[{"count":12,"href":"https:\/\/www.liceutasnad.eu\/index.php?rest_route=\/wp\/v2\/pages\/2741\/revisions"}],"predecessor-version":[{"id":2828,"href":"https:\/\/www.liceutasnad.eu\/index.php?rest_route=\/wp\/v2\/pages\/2741\/revisions\/2828"}],"up":[{"embeddable":true,"href":"https:\/\/www.liceutasnad.eu\/index.php?rest_route=\/wp\/v2\/pages\/1389"}],"wp:attachment":[{"href":"https:\/\/www.liceutasnad.eu\/index.php?rest_route=%2Fwp%2Fv2%2Fmedia&parent=2741"}],"curies":[{"name":"wp","href":"https:\/\/api.w.org\/{rel}","templated":true}]}}