{"id":2661,"date":"2018-10-16T22:15:22","date_gmt":"2018-10-16T20:15:22","guid":{"rendered":"http:\/\/www.liceutasnad.eu\/?page_id=2661"},"modified":"2022-05-04T10:49:20","modified_gmt":"2022-05-04T08:49:20","slug":"2018-2","status":"publish","type":"page","link":"https:\/\/www.liceutasnad.eu\/?page_id=2661","title":{"rendered":"2018"},"content":{"rendered":"<p><strong>Director: <\/strong>Ruff Sofia<\/p>\n<hr>\n<h2><span style=\"color: #ff0000;\">Clasa a XII-a A<\/span><\/h2>\n<p><strong>Profil: real, specializarea: matematic\u0103-informatic\u0103<br \/>\nDiriginte: Andri\u0219ca Annamaria<\/strong><\/p>\n<p><strong><img decoding=\"async\" loading=\"lazy\" class=\"alignleft size-full wp-image-2718\" src=\"http:\/\/www.liceutasnad.eu\/wp-content\/uploads\/2018\/10\/poza12a2018.png\" alt=\"\" width=\"720\" height=\"540\" srcset=\"https:\/\/www.liceutasnad.eu\/wp-content\/uploads\/2018\/10\/poza12a2018.png 720w, https:\/\/www.liceutasnad.eu\/wp-content\/uploads\/2018\/10\/poza12a2018-300x225.png 300w\" sizes=\"(max-width: 720px) 100vw, 720px\" \/><\/strong><\/p>\n<p>&nbsp;<\/p>\n<ol>\n<li>Bala\u0219 Lorena Andreea<\/li>\n<li>Baumgartner Erik<\/li>\n<li>Baumgartner \u0218tefania<\/li>\n<li>Chioran Renata Corina<\/li>\n<li>Contra\u0219 Eunice Daniela<\/li>\n<li>Copos Sorin C\u0103lin<\/li>\n<li>Flonta M\u0103d\u0103lin Razvan<\/li>\n<li>Ghila Cristian Ionu\u021b Mihai<\/li>\n<li>Madas C\u0103t\u0103lina Florina<\/li>\n<li>Mile Martin Maximilian<\/li>\n<li>Pi\u0219coran Ariel<\/li>\n<li>Ro\u0219ean Cosmin Alex<\/li>\n<li>Tur\u0103u Ioana Lavinia<\/li>\n<li>Uretean Andrei Daniel<\/li>\n<\/ol>\n<hr>\n<h2><span style=\"color: #ff0000;\">Clasa a XII-a B<\/span><\/h2>\n<p><strong>Profil: real, specializarea: matematic\u0103-informatic\u0103<br \/>\nDiriginte:Bendel Julia<\/strong><br \/>\n<img decoding=\"async\" loading=\"lazy\" class=\"alignleft size-full wp-image-2802\" src=\"http:\/\/www.liceutasnad.eu\/wp-content\/uploads\/2018\/11\/XII-B-2018.jpg\" alt=\"\" width=\"960\" height=\"640\" srcset=\"https:\/\/www.liceutasnad.eu\/wp-content\/uploads\/2018\/11\/XII-B-2018.jpg 960w, https:\/\/www.liceutasnad.eu\/wp-content\/uploads\/2018\/11\/XII-B-2018-300x200.jpg 300w, https:\/\/www.liceutasnad.eu\/wp-content\/uploads\/2018\/11\/XII-B-2018-768x512.jpg 768w\" sizes=\"(max-width: 960px) 100vw, 960px\" \/><\/p>\n<ol>\n<li>Ardelean Rafaella Bogl\u00e1rka<\/li>\n<li>B\u00e1lint D\u00e1vid Roland<\/li>\n<li>Bihari Ren\u00e1ta M\u00f3nika<\/li>\n<li>Bir\u00f3 Kitti Odett<\/li>\n<li>B\u00edr\u00f3 Roland Zolt\u00e1n<\/li>\n<li>Cs\u0151szi Walter Gergely<\/li>\n<li>Filip Patrick Gy\u00f6rgy<\/li>\n<li>G\u00e1ti J\u00e1zmin Andrea<\/li>\n<li>G\u00e1ti Johanna Ang\u00e9la<\/li>\n<li>Hegyi Barbara Melitta<\/li>\n<li>M\u00e1ty\u00e1s Edwin<\/li>\n<li>M\u00e9sz\u00e1ros L\u00f3r\u00e1nd \u00d6rs<\/li>\n<li>Mez\u0151si Helga<\/li>\n<li>Nagy Kriszta M\u00e1ria<\/li>\n<li>Nagy Erik J\u00f3zsef<\/li>\n<li>Ol\u00e1h Henrietta T\u00fcnde<\/li>\n<li>R\u00e1ksi No\u00e9mi Gizella<\/li>\n<li>Snelemperghel Ren\u00e1ta T\u00fcnde<\/li>\n<li>Szommer Edg\u00e1r<\/li>\n<li>Szommer Ervin<\/li>\n<li>Szommer Petra Stef\u00e1nia<\/li>\n<li>Torma R\u00e9ka Edina<\/li>\n<\/ol>\n<hr>\n<h2><span style=\"color: #ff0000;\">Clasa a XII-a C<\/span><\/h2>\n<p><strong>Profil: uman, specializarea: filologie<br \/>\nDiriginte:&nbsp;T\u0103tar Lavinia<\/strong><\/p>\n<p><img decoding=\"async\" loading=\"lazy\" class=\"alignleft size-full wp-image-2768\" src=\"http:\/\/www.liceutasnad.eu\/wp-content\/uploads\/2018\/11\/12c2018.png\" alt=\"\" width=\"1565\" height=\"788\" srcset=\"https:\/\/www.liceutasnad.eu\/wp-content\/uploads\/2018\/11\/12c2018.png 1565w, https:\/\/www.liceutasnad.eu\/wp-content\/uploads\/2018\/11\/12c2018-300x151.png 300w, https:\/\/www.liceutasnad.eu\/wp-content\/uploads\/2018\/11\/12c2018-768x387.png 768w, https:\/\/www.liceutasnad.eu\/wp-content\/uploads\/2018\/11\/12c2018-1024x516.png 1024w\" sizes=\"(max-width: 1565px) 100vw, 1565px\" \/><\/p>\n<ol>\n<li>Berchi Krisztina Emilia<\/li>\n<li>Bognovschi Gheorghe Marinel<\/li>\n<li>Bolba Delia Giorgiana<\/li>\n<li>Breda Ioana Andra<\/li>\n<li>Bumbar Tibor Alex Iosif<\/li>\n<li>Buzgo Patricia Melania<\/li>\n<li>Capota Alexandra<\/li>\n<li>Codrean Horia Octavian<\/li>\n<li>Cristea Claudiu Calin<\/li>\n<li>Cristea Nicolae Adrian<\/li>\n<li>Dediu Alex George<\/li>\n<li>Filimon Gheorghe Florin<\/li>\n<li>Horvath Evelin Alexandra<\/li>\n<li>Ilies Larisa Andreea<\/li>\n<li>Lica Larisa Ioana<\/li>\n<li>Maier Marian Gheorghe<\/li>\n<li>Martin Miruna Romana<\/li>\n<li>Onet Bogdan Dragos<\/li>\n<li>Pop Cristina Mihaela<\/li>\n<li>Pop Diana Gabriela<\/li>\n<li>Pop Andreea Florentina<\/li>\n<li>Sava Alexandra Ioana<\/li>\n<li>Szabo Laurentiu Gheorghe<\/li>\n<li>Tataran Marius Florin<\/li>\n<li>Todoran Edelina Nicola<\/li>\n<li>Toth Adelina Catalina<\/li>\n<li>Turcas V Lavinia<\/li>\n<li>Uglai Marina Delia<\/li>\n<\/ol>\n<p>&nbsp;<\/p>\n<p><a href=\"http:\/\/actualitateasm.ro\/stiri\/90414-ultimul-sunat-si-mari-emotii-pentru-trei-clase-terminale-ale-liceului-tehnologic-tasnad\/\">Ultim sunat de clopotel, mai 2018 &#8211; Actualitatea S\u0103tm\u0103rean\u0103<\/a><\/p>\n","protected":false},"excerpt":{"rendered":"<p>Director: Ruff Sofia Clasa a XII-a A Profil: real, specializarea: matematic\u0103-informatic\u0103 Diriginte: Andri\u0219ca Annamaria &nbsp; Bala\u0219 Lorena Andreea Baumgartner Erik Baumgartner \u0218tefania Chioran Renata Corina Contra\u0219 Eunice Daniela Copos Sorin C\u0103lin Flonta M\u0103d\u0103lin Razvan Ghila Cristian Ionu\u021b Mihai Madas C\u0103t\u0103lina &hellip; <a href=\"https:\/\/www.liceutasnad.eu\/?page_id=2661\">Continue reading <span class=\"meta-nav\">&rarr;<\/span><\/a><\/p>\n","protected":false},"author":1,"featured_media":0,"parent":1689,"menu_order":1,"comment_status":"closed","ping_status":"closed","template":"","meta":[],"_links":{"self":[{"href":"https:\/\/www.liceutasnad.eu\/index.php?rest_route=\/wp\/v2\/pages\/2661"}],"collection":[{"href":"https:\/\/www.liceutasnad.eu\/index.php?rest_route=\/wp\/v2\/pages"}],"about":[{"href":"https:\/\/www.liceutasnad.eu\/index.php?rest_route=\/wp\/v2\/types\/page"}],"author":[{"embeddable":true,"href":"https:\/\/www.liceutasnad.eu\/index.php?rest_route=\/wp\/v2\/users\/1"}],"replies":[{"embeddable":true,"href":"https:\/\/www.liceutasnad.eu\/index.php?rest_route=%2Fwp%2Fv2%2Fcomments&post=2661"}],"version-history":[{"count":20,"href":"https:\/\/www.liceutasnad.eu\/index.php?rest_route=\/wp\/v2\/pages\/2661\/revisions"}],"predecessor-version":[{"id":3309,"href":"https:\/\/www.liceutasnad.eu\/index.php?rest_route=\/wp\/v2\/pages\/2661\/revisions\/3309"}],"up":[{"embeddable":true,"href":"https:\/\/www.liceutasnad.eu\/index.php?rest_route=\/wp\/v2\/pages\/1689"}],"wp:attachment":[{"href":"https:\/\/www.liceutasnad.eu\/index.php?rest_route=%2Fwp%2Fv2%2Fmedia&parent=2661"}],"curies":[{"name":"wp","href":"https:\/\/api.w.org\/{rel}","templated":true}]}}