{"id":2546,"date":"2018-01-23T20:41:49","date_gmt":"2018-01-23T18:41:49","guid":{"rendered":"http:\/\/www.liceutasnad.eu\/?page_id=2546"},"modified":"2022-05-04T10:49:50","modified_gmt":"2022-05-04T08:49:50","slug":"2017-2","status":"publish","type":"page","link":"https:\/\/www.liceutasnad.eu\/?page_id=2546","title":{"rendered":"2017"},"content":{"rendered":"<p><strong>Director: <\/strong>Ruff Sofia<\/p>\n<hr>\n<h2><span style=\"color: #ff0000;\">Clasa a XII-a A<\/span><\/h2>\n<p><strong>Profil: real, specializarea: matematic\u0103-informatic\u0103<br \/>\nDiriginte: Mitracska Dorina<img decoding=\"async\" loading=\"lazy\" class=\"alignleft size-full wp-image-2550\" src=\"http:\/\/www.liceutasnad.eu\/wp-content\/uploads\/2018\/01\/image217-e1516732660754.jpg\" alt=\"\" width=\"648\" height=\"440\" srcset=\"https:\/\/www.liceutasnad.eu\/wp-content\/uploads\/2018\/01\/image217-e1516732660754.jpg 648w, https:\/\/www.liceutasnad.eu\/wp-content\/uploads\/2018\/01\/image217-e1516732660754-300x204.jpg 300w\" sizes=\"(max-width: 648px) 100vw, 648px\" \/><\/strong><\/p>\n<ol>\n<li><strong>&nbsp;<\/strong><em>Balog I. Ionu<\/em><em>\u021b Alexandru<\/em><\/li>\n<li><em>Borz G. M\u0103d\u0103lina Mariana<\/em><\/li>\n<li><em>Breda G. Gabriel C\u0103t\u0103lin<\/em><\/li>\n<li><em>Dobra I. Ionel Adrian<\/em><\/li>\n<li><em>Dulgheriu V. Vasile Alexandru<\/em><\/li>\n<li><em>Farca<\/em><em>\u0219 I. George Andrei<\/em><\/li>\n<li><em>Hus V. George Gabriel<\/em><\/li>\n<li><em>&nbsp;<\/em><em>Jurchi<\/em><em>\u0219 G. Vlad Georgel<\/em><\/li>\n<li><em>Lakatos M.Mery Daiana<\/em><\/li>\n<li><em>Lieb R. <\/em><em>\u0218tefania Roberta<\/em><\/li>\n<li><em>Mezei D. Marian Lucian<\/em><\/li>\n<li><em>Miterici F. Adina Giulia<\/em><\/li>\n<li><em>Pop T Teodor Vlad<\/em><\/li>\n<li><em>Rus A. Sebastian Alexandru<\/em><\/li>\n<li><em>Sagi C. Aneta Sorina<\/em><\/li>\n<li><em>Vizer T. Lavinia Florentina<\/em><\/li>\n<li><em>Zaharia Marcela Nicoleta<\/em><\/li>\n<\/ol>\n<hr>\n<h2><span style=\"color: #ff0000;\">Clasa a XII-a B<\/span><\/h2>\n<p><strong>Profil: real, specializarea: matematic\u0103-informatic\u0103 (limba maghiar\u0103)<br \/>\nDiriginte: Holczberger Reimond<\/strong><\/p>\n<p><img decoding=\"async\" loading=\"lazy\" class=\"alignleft size-full wp-image-2551\" src=\"http:\/\/www.liceutasnad.eu\/wp-content\/uploads\/2018\/01\/image218-e1516732640744.jpg\" alt=\"\" width=\"650\" height=\"433\" srcset=\"https:\/\/www.liceutasnad.eu\/wp-content\/uploads\/2018\/01\/image218-e1516732640744.jpg 650w, https:\/\/www.liceutasnad.eu\/wp-content\/uploads\/2018\/01\/image218-e1516732640744-300x200.jpg 300w\" sizes=\"(max-width: 650px) 100vw, 650px\" \/><\/p>\n<ol>\n<li>Barta A. Elek Norbert<\/li>\n<li>Cseh \u0218. Nikolet Anna<\/li>\n<li>Fejer K. Beatrix Eszter<\/li>\n<li>Gligu\u021ba I. Attila Mark<\/li>\n<li>Gliguta I. Erik Francisc<\/li>\n<li>Gyori A. Tamas Attila<\/li>\n<li>Kovacs S. Rudolf Andrei<\/li>\n<li>Kovacs Z. Patrik<\/li>\n<li>Orosz S. Istvan Arpad<\/li>\n<li>Pakai S. Timea Emese<\/li>\n<li>Preg I. Viktoria Petra<\/li>\n<li>Ruff F. Janos Gergo<\/li>\n<li>Saiigi A. Beatrix Andrea<\/li>\n<li>S\u0103s\u0103ran A. Mark<\/li>\n<li>Szabo L. Norbert Attila<\/li>\n<li>Ungvari S. Roland Istvan<\/li>\n<\/ol>\n<hr>\n<h2><span style=\"color: #ff0000;\">Clasa a XII-a C<\/span><\/h2>\n<p><strong>Profil: uman, specializarea: filologie<br \/>\nDiriginte: Oros Dorina<\/strong><\/p>\n<p><img decoding=\"async\" loading=\"lazy\" class=\"alignleft size-full wp-image-2552\" src=\"http:\/\/www.liceutasnad.eu\/wp-content\/uploads\/2018\/01\/image219-e1516732755564.jpg\" alt=\"\" width=\"580\" height=\"433\" srcset=\"https:\/\/www.liceutasnad.eu\/wp-content\/uploads\/2018\/01\/image219-e1516732755564.jpg 580w, https:\/\/www.liceutasnad.eu\/wp-content\/uploads\/2018\/01\/image219-e1516732755564-300x224.jpg 300w\" sizes=\"(max-width: 580px) 100vw, 580px\" \/><\/p>\n<p>&nbsp;<\/p>\n<p>&nbsp;<\/p>\n<p>&nbsp;<\/p>\n<p>&nbsp;<\/p>\n<p>&nbsp;<\/p>\n<p>&nbsp;<\/p>\n<p>&nbsp;<\/p>\n<p>&nbsp;<\/p>\n<p>&nbsp;<\/p>\n<p>&nbsp;<\/p>\n<ol>\n<li><em>Apaczai T. Adriana Mariana<\/em><\/li>\n<li><em>Blidar R. Marian Ionu\u021b<\/em><\/li>\n<li><em>Boldijar R. Rita Iulia<\/em><\/li>\n<li><em>Buboi A. Consuela \u0218tefania<\/em><\/li>\n<li><em>Burdea N. Nicolae Marcel<\/em><\/li>\n<li><em>Chejan C. Anamaria Domnica<\/em><\/li>\n<li><em>Cioban M. Florin Manuel<\/em><\/li>\n<li><em>Csaszar A. Andrea<\/em><\/li>\n<li><em>Ghiurcu\u021ba <\/em><em>N. Nicolae<\/em><\/li>\n<li><em>Madas N. Adrian<\/em><\/li>\n<li><em>Maier I. Marian &nbsp;Iustinian<\/em><\/li>\n<li><em>Maier V. Flavia Monica<\/em><\/li>\n<li><em>Nagy Z. Erik<\/em><\/li>\n<li><em>Orosz A. Petra Tunde<\/em><\/li>\n<li><em>Pernes V. Diana Ionela<\/em><\/li>\n<li><em>Pocsai V. Anabela Xintia<\/em><\/li>\n<li><em>Pop C. Ioana Florica<\/em><\/li>\n<li><em>Pop G. Georgeta Mirela<\/em><\/li>\n<li><em>Rus C. Casian Lauren<\/em><em>\u021biu<\/em><\/li>\n<li><em>Rusu M. Marina Florina<\/em><\/li>\n<li><em>Sava M. David<\/em><\/li>\n<li><em>\u0218tet <\/em><em>M. Ciprian George<\/em><\/li>\n<li><em>Szakacs L. Patrik David<\/em><\/li>\n<li><em>Szigeti C. Csilla Silvia<\/em><\/li>\n<li><em>Talpo<\/em><em>\u0219 <\/em><em>D. Gina Maria<\/em><\/li>\n<li><em>Toth A. Denisa Florentina<\/em><\/li>\n<li><em>Uglai S. C\u0103t\u0103lin<\/em><\/li>\n<li><em>Ungur T. Petru Tudorel<\/em><\/li>\n<li><em>Uray C. Noemi Imola<\/em><\/li>\n<li><em>Uray C. Timea Iudith<\/em><\/li>\n<li><em>Valicec I. Cristian Iancu<\/em><\/li>\n<\/ol>\n<hr>\n<h2><span style=\"color: #ff0000;\">Clasa a XII-a D<\/span><\/h2>\n<p><strong>Profil: tehnic, specializarea: tehnician designer vestimentar<br \/>\nDiriginte: Matias Annamaria<\/strong><\/p>\n<ol>\n<li>Budai P. Marta Sandra<\/li>\n<li>Csaszar I. Norbert Istvan<\/li>\n<li>Egri C. Tamas<\/li>\n<li>Gyori A. Levente Gyorgy<\/li>\n<li>Juhasz Z. Ervin Gyorgy<\/li>\n<li>Moda A. Sandor<\/li>\n<li>Moda R. Monica<\/li>\n<li>Nagy A. Eniko Betina<\/li>\n<li>Vass L. Arnold Lorand<\/li>\n<\/ol>\n<p><em>&nbsp;<\/em><\/p>\n","protected":false},"excerpt":{"rendered":"<p>Director: Ruff Sofia Clasa a XII-a A Profil: real, specializarea: matematic\u0103-informatic\u0103 Diriginte: Mitracska Dorina &nbsp;Balog I. Ionu\u021b Alexandru Borz G. M\u0103d\u0103lina Mariana Breda G. Gabriel C\u0103t\u0103lin Dobra I. Ionel Adrian Dulgheriu V. Vasile Alexandru Farca\u0219 I. George Andrei Hus V. &hellip; <a href=\"https:\/\/www.liceutasnad.eu\/?page_id=2546\">Continue reading <span class=\"meta-nav\">&rarr;<\/span><\/a><\/p>\n","protected":false},"author":1,"featured_media":0,"parent":1689,"menu_order":2,"comment_status":"closed","ping_status":"closed","template":"","meta":[],"_links":{"self":[{"href":"https:\/\/www.liceutasnad.eu\/index.php?rest_route=\/wp\/v2\/pages\/2546"}],"collection":[{"href":"https:\/\/www.liceutasnad.eu\/index.php?rest_route=\/wp\/v2\/pages"}],"about":[{"href":"https:\/\/www.liceutasnad.eu\/index.php?rest_route=\/wp\/v2\/types\/page"}],"author":[{"embeddable":true,"href":"https:\/\/www.liceutasnad.eu\/index.php?rest_route=\/wp\/v2\/users\/1"}],"replies":[{"embeddable":true,"href":"https:\/\/www.liceutasnad.eu\/index.php?rest_route=%2Fwp%2Fv2%2Fcomments&post=2546"}],"version-history":[{"count":8,"href":"https:\/\/www.liceutasnad.eu\/index.php?rest_route=\/wp\/v2\/pages\/2546\/revisions"}],"predecessor-version":[{"id":3311,"href":"https:\/\/www.liceutasnad.eu\/index.php?rest_route=\/wp\/v2\/pages\/2546\/revisions\/3311"}],"up":[{"embeddable":true,"href":"https:\/\/www.liceutasnad.eu\/index.php?rest_route=\/wp\/v2\/pages\/1689"}],"wp:attachment":[{"href":"https:\/\/www.liceutasnad.eu\/index.php?rest_route=%2Fwp%2Fv2%2Fmedia&parent=2546"}],"curies":[{"name":"wp","href":"https:\/\/api.w.org\/{rel}","templated":true}]}}