{"id":1741,"date":"2016-09-02T20:20:54","date_gmt":"2016-09-02T18:20:54","guid":{"rendered":"http:\/\/www.liceutasnad.eu\/?page_id=1741"},"modified":"2019-03-28T23:10:55","modified_gmt":"2019-03-28T21:10:55","slug":"evenimente-2015-2016","status":"publish","type":"page","link":"https:\/\/www.liceutasnad.eu\/?page_id=1741","title":{"rendered":"Evenimente 2015-2016"},"content":{"rendered":"<hr \/>\n<h2 style=\"text-align: center;\"><span style=\"color: #800000;\">S\u0103pt\u0103m\u00e2na \u0218coala altfel<\/span><\/h2>\n<p>18 aprilie 2016, Excursie la Meziad \u0219i Pe\u0219tera cu Cristale.<\/p>\n<p><img decoding=\"async\" loading=\"lazy\" class=\"alignleft size-thumbnail wp-image-2488\" src=\"http:\/\/www.liceutasnad.eu\/wp-content\/uploads\/2017\/01\/944842_1028151360611318_5512871008201978979_n-150x150.jpg\" alt=\"944842_1028151360611318_5512871008201978979_n\" width=\"150\" height=\"150\" srcset=\"https:\/\/www.liceutasnad.eu\/wp-content\/uploads\/2017\/01\/944842_1028151360611318_5512871008201978979_n-150x150.jpg 150w, https:\/\/www.liceutasnad.eu\/wp-content\/uploads\/2017\/01\/944842_1028151360611318_5512871008201978979_n-300x300.jpg 300w, https:\/\/www.liceutasnad.eu\/wp-content\/uploads\/2017\/01\/944842_1028151360611318_5512871008201978979_n.jpg 540w\" sizes=\"(max-width: 150px) 100vw, 150px\" \/><\/p>\n<p>&nbsp;<\/p>\n<p>&nbsp;<\/p>\n<p>&nbsp;<\/p>\n<p>&nbsp;<\/p>\n<p>22 aprilie 2016, S\u0103pt\u0103m\u00e2na Scoala altfel s-a \u00eencheiat a\u0219a cum a \u00eenceput : cu o excursie.<br \/>\nDe data aceasta, elevii Liceului Tehnologic T\u0103\u0219nad au vizitat \u00een Cluj Napoca:<\/p>\n<ul>\n<li>Facultatea de Mecanica &#8211; Universitatea Tehnica din Cluj-Napoca,<\/li>\n<li>Facultatea de \u0218tiin\u021be Politice, Administrative \u0219i ale Comunic\u0103rii -Universitatea Babe\u0219- Bolyai<\/li>\n<li>\u00eencheind o zi interesanta cu o adev\u0103rat\u0103 desf\u0103tare pentru ochi \u0219i suflet la Gr\u0103dina Botanic\u0103.<\/li>\n<\/ul>\n<p><img decoding=\"async\" loading=\"lazy\" class=\"alignleft size-thumbnail wp-image-2417\" src=\"http:\/\/www.liceutasnad.eu\/wp-content\/uploads\/2017\/01\/cluj-2016-scoala-altfel-1-150x150.jpg\" alt=\"cluj 2016 scoala altfel 1\" width=\"150\" height=\"150\" \/><img decoding=\"async\" loading=\"lazy\" class=\"alignleft size-thumbnail wp-image-2418\" src=\"http:\/\/www.liceutasnad.eu\/wp-content\/uploads\/2017\/01\/cluj-2016-scoala-altfel-2-150x150.jpg\" alt=\"cluj 2016 scoala altfel 2\" width=\"150\" height=\"150\" \/><img decoding=\"async\" loading=\"lazy\" class=\"alignleft size-thumbnail wp-image-2419\" src=\"http:\/\/www.liceutasnad.eu\/wp-content\/uploads\/2017\/01\/cluj-2016-scoala-altfel-3-150x150.jpg\" alt=\"cluj 2016 scoala altfel 3\" width=\"150\" height=\"150\" \/><\/p>\n<p><img decoding=\"async\" loading=\"lazy\" class=\"alignleft size-thumbnail wp-image-2420\" src=\"http:\/\/www.liceutasnad.eu\/wp-content\/uploads\/2017\/01\/cluj-2016-scoala-altfel-4-150x150.jpg\" alt=\"cluj 2016 scoala altfel 4\" width=\"150\" height=\"150\" \/><img decoding=\"async\" loading=\"lazy\" class=\"alignleft size-thumbnail wp-image-2421\" src=\"http:\/\/www.liceutasnad.eu\/wp-content\/uploads\/2017\/01\/cluj-2016-scoala-altfel-5-150x150.jpg\" alt=\"cluj 2016 scoala altfel 5\" width=\"150\" height=\"150\" \/><img decoding=\"async\" loading=\"lazy\" class=\"alignleft size-thumbnail wp-image-2422\" src=\"http:\/\/www.liceutasnad.eu\/wp-content\/uploads\/2017\/01\/cluj-2016-scoala-altfel-6-150x150.jpg\" alt=\"cluj 2016 scoala altfel 6\" width=\"150\" height=\"150\" \/><\/p>\n<hr \/>\n<h2 style=\"text-align: center;\"><span style=\"color: #800000;\"> Spectacol festiv de Ziua Na\u021bional\u0103 a Rom\u00e2niei <\/span><\/h2>\n<p>Vineri, 27 noiembrie 2015, ora 12.00, sub genericul \u201dMarea Unire de la 1 Decembrie 1918\u201d, elevii \u0219i profesorii de la Liceul Tehnologic din T\u0103\u0219nad au organizat la Casa de Cultur\u0103 Or\u0103\u0219eneasc\u0103 un spectacol dedicat Zilei Na\u021bionale a Rom\u00e2niei.<\/p>\n<p><img decoding=\"async\" loading=\"lazy\" class=\"alignleft size-thumbnail wp-image-2448\" src=\"http:\/\/www.liceutasnad.eu\/wp-content\/uploads\/2017\/01\/DSC00633-150x150.jpg\" alt=\"DSC00633\" width=\"150\" height=\"150\" \/><\/p>\n<p><a href=\"http:\/\/actualitateasm.ro\/stiri\/53800-spectacol-festiv-de-ziua-nationala-a-romaniei-prezentat-de-elevii-liceului-tehnologic-tasnad\/?fb_action_ids=1051146418239967&amp;fb_action_types=og.likes\"><img decoding=\"async\" loading=\"lazy\" class=\"alignleft size-thumbnail wp-image-2450\" src=\"http:\/\/www.liceutasnad.eu\/wp-content\/uploads\/2017\/01\/DSC00646-150x150.jpg\" alt=\"DSC00646\" width=\"150\" height=\"150\" \/><img decoding=\"async\" loading=\"lazy\" class=\"alignleft size-thumbnail wp-image-2449\" src=\"http:\/\/www.liceutasnad.eu\/wp-content\/uploads\/2017\/01\/DSC00635-150x150.jpg\" alt=\"DSC00635\" width=\"150\" height=\"150\" \/><\/a><\/p>\n<p>&nbsp;<\/p>\n<p>&nbsp;<\/p>\n<p>&nbsp;<\/p>\n<p>&nbsp;<\/p>\n<p><a href=\"http:\/\/actualitateasm.ro\/stiri\/53800-spectacol-festiv-de-ziua-nationala-a-romaniei-prezentat-de-elevii-liceului-tehnologic-tasnad\/?fb_action_ids=1051146418239967&amp;fb_action_types=og.likes\">Actualitatea s\u0103tm\u0103rean\u0103<\/a><\/p>\n<hr \/>\n<h2 style=\"text-align: center;\"><span style=\"color: #800000;\">BALUL BOBOCILOR 2015, T\u0102\u0218NAD<\/span><\/h2>\n<p style=\"text-align: justify;\"><a href=\"http:\/\/www.liceutasnad.eu\/wp-content\/uploads\/2015\/11\/bal5.jpg\"><img decoding=\"async\" loading=\"lazy\" class=\"alignleft size-medium wp-image-1452\" src=\"http:\/\/www.liceutasnad.eu\/wp-content\/uploads\/2015\/11\/bal5-300x199.jpg\" alt=\"bal5\" width=\"300\" height=\"199\" srcset=\"https:\/\/www.liceutasnad.eu\/wp-content\/uploads\/2015\/11\/bal5-300x199.jpg 300w, https:\/\/www.liceutasnad.eu\/wp-content\/uploads\/2015\/11\/bal5.jpg 960w\" sizes=\"(max-width: 300px) 100vw, 300px\" \/><\/a>Vineri, 6 noiembrie, a fost mare spectacol! Ca \u00een fiecare toamn\u0103, elevi, profesori, p\u0103rin\u021bi sau, pur si simplu, spectatori vin cu mic cu mare \u00een Sala de spectacol Unirea pentru a-i sus\u021bine \u0219i a-i apaluda pe bobocii liceului care particip\u0103 la concursul Miss \u0219i Mister Boboc.<\/p>\n<p style=\"text-align: justify;\">Tema balului din acest an a fost una&#8230;dulce: \u201eSWEET PROM\u201d, c\u0103 tot e la mod\u0103 s\u0103 vorbim engleze\u0219te! Mai pe rom\u00e2ne\u0219te, Balul Dulce. Decorul, desprins parc\u0103 din Disneyland, a fost realizat de Marius Varga (\u201e\u0218eful\u201d echipei de scenografi), \u00eempreun\u0103 cu Cristi Costin \u0219i Imola Herskovics.<\/p>\n<p style=\"text-align: justify;\">Organizatorii, clasele a XI a A \u0219i C, s-au mobilizat cu o lun\u0103 \u00eenainte \u0219i au f\u0103cut un plan minu\u021bios de ac\u021biune. C\u0103utarea sponsorilor, repeti\u021bii. Procurarea materialelor pentru decor, repetitii. Drum la Satu Mare \u0219i Carei, repeti\u021bii. \u0218i s\u0103 nu uit\u0103m c\u0103 trebuia s\u0103 fie prezen\u021bi \u0219i la ore, s\u0103 mai dea c\u00e2te un test, s\u0103 se mai \u0219i preg\u0103teasc\u0103 pentru a doua zi.<\/p>\n<p style=\"text-align: justify;\">Mi-au m\u0103rturisit c\u0103 au r\u0103mas ei in\u0219i\u0219i surprin\u0219i de capacitatea lor de a face at\u00e2t de multe lucruri deodat\u0103.<\/p>\n<p style=\"text-align: justify;\">\u0218i c\u00e2nd toate cele au fost preg\u0103tite, a \u00eenceput spectacolul! Participare numeroas\u0103 din partea bobocilor, 8 boboace \u0219i 7 boboci, un juriu format din profesori, reprezentan\u021bi ai sponsorilor \u0219i elevi \u0219i mul\u021bi, mul\u021bi spectatori, iat\u0103 cum a \u00eenceput seara de vineri. Bobocii au trecut prin probele de foc ale concursului pentru titlul de Miss \u0219i Mister Boboc. Au impresionat publicul cu \u021binuta lor dezinvolt\u0103, cu talentul lor la dans \u0219i muzic\u0103. Am apreciat \u021binutele lor&#8230;sweet la proba de creativitate \u0219i ne-am distrat copios la proba surpriz\u0103. Spectacolul a fost completat de presta\u021bia cu totul deosebit\u0103 a unui t\u00e2n\u0103r violonist , Denis Szanto, de dansul irlandez al micu\u021bilor \u0219i talenta\u021bilor elevi de la \u0219coala din Sant\u0103u. Organizatorii \u0219i-au demonstrat talentul actoricesc \u00een sceneta comic\u0103 Zoom-Zet TV \u0219i abilit\u0103\u021bile de dansatori \u00een savurosul rock and roll \u201eCandy Man\u201d, un dans plin de culoare a c\u0103rui coregrafie a fost g\u00e2ndit\u0103 de Naty, fosta mea elev\u0103 care ne-a ajutat mult cu ideile ei \u00een realizarea spectacolului.<\/p>\n<p style=\"text-align: justify;\">Cireasa de pe tort a fost recitalul lui Aldo Blaga \u0219i a lui Tzika Sax, doi cunoscu\u021bi arti\u0219ti pentru publicul t\u0103\u0219n\u0103dean care a avut ocazia s\u0103-i vad\u0103 \u0219i s\u0103-i aud\u0103 tot cu ocazia unui bal al bobocilor.<\/p>\n<p style=\"text-align: justify;\">Finalul a fost apoteotic: lumini, muzic\u0103, confeti \u0219i&#8230;\u00eenving\u0103torii.<\/p>\n<p style=\"text-align: justify;\">Cine au fost ei? To\u021bi, absolut to\u021bi bobocii au fost \u00eenving\u0103tori.<\/p>\n<p>Bravo tuturor!<\/p>\n<p style=\"text-align: right;\">Prof. Dorina Mitracska<\/p>\n","protected":false},"excerpt":{"rendered":"<p>S\u0103pt\u0103m\u00e2na \u0218coala altfel 18 aprilie 2016, Excursie la Meziad \u0219i Pe\u0219tera cu Cristale. &nbsp; &nbsp; &nbsp; &nbsp; 22 aprilie 2016, S\u0103pt\u0103m\u00e2na Scoala altfel s-a \u00eencheiat a\u0219a cum a \u00eenceput : cu o excursie. De data aceasta, elevii Liceului Tehnologic T\u0103\u0219nad &hellip; <a href=\"https:\/\/www.liceutasnad.eu\/?page_id=1741\">Continue reading <span class=\"meta-nav\">&rarr;<\/span><\/a><\/p>\n","protected":false},"author":1,"featured_media":0,"parent":1182,"menu_order":3,"comment_status":"closed","ping_status":"closed","template":"","meta":[],"_links":{"self":[{"href":"https:\/\/www.liceutasnad.eu\/index.php?rest_route=\/wp\/v2\/pages\/1741"}],"collection":[{"href":"https:\/\/www.liceutasnad.eu\/index.php?rest_route=\/wp\/v2\/pages"}],"about":[{"href":"https:\/\/www.liceutasnad.eu\/index.php?rest_route=\/wp\/v2\/types\/page"}],"author":[{"embeddable":true,"href":"https:\/\/www.liceutasnad.eu\/index.php?rest_route=\/wp\/v2\/users\/1"}],"replies":[{"embeddable":true,"href":"https:\/\/www.liceutasnad.eu\/index.php?rest_route=%2Fwp%2Fv2%2Fcomments&post=1741"}],"version-history":[{"count":10,"href":"https:\/\/www.liceutasnad.eu\/index.php?rest_route=\/wp\/v2\/pages\/1741\/revisions"}],"predecessor-version":[{"id":2489,"href":"https:\/\/www.liceutasnad.eu\/index.php?rest_route=\/wp\/v2\/pages\/1741\/revisions\/2489"}],"up":[{"embeddable":true,"href":"https:\/\/www.liceutasnad.eu\/index.php?rest_route=\/wp\/v2\/pages\/1182"}],"wp:attachment":[{"href":"https:\/\/www.liceutasnad.eu\/index.php?rest_route=%2Fwp%2Fv2%2Fmedia&parent=1741"}],"curies":[{"name":"wp","href":"https:\/\/api.w.org\/{rel}","templated":true}]}}