{"id":1354,"date":"2015-08-24T14:53:04","date_gmt":"2015-08-24T12:53:04","guid":{"rendered":"http:\/\/www.liceutasnad.eu\/?page_id=1354"},"modified":"2024-08-26T07:27:45","modified_gmt":"2024-08-26T05:27:45","slug":"tanari-portre","status":"publish","type":"page","link":"https:\/\/www.liceutasnad.eu\/?page_id=1354","title":{"rendered":"Admiterea \u00een \u00eenv\u0103\u0163\u0103m\u00e2ntul profesional"},"content":{"rendered":"<h3 style=\"text-align: justify;\"><span style=\"color: #000000;\">Liceul Tehnologic T\u0103\u015fnad pentru anul \u015fcolar 2024-2025 v\u0103 a\u015fteapt\u0103 cu:<\/span><\/h3>\n<h3 style=\"text-align: justify;\"><span style=\"color: #000000;\">&#8211; o clas\u0103: t\u00e2mplar universal (14 locuri) \u015fi sudori (14 locuri), sec\u021bia rom\u00e2n\u0103<\/span><\/h3>\n<p>Instruirea practic\u0103 este asigurat\u0103 de partenerii no\u0219tri SFL Tehnologies SRL.<\/p>\n<p style=\"text-align: justify;\"><span style=\"color: #993300;\"><img decoding=\"async\" loading=\"lazy\" class=\"alignleft size-thumbnail wp-image-3078\" src=\"http:\/\/www.liceutasnad.eu\/wp-content\/uploads\/2020\/06\/slide0025_image029-150x150.jpg\" alt=\"\" width=\"150\" height=\"150\" \/>\u00a0<img decoding=\"async\" loading=\"lazy\" class=\"alignleft size-thumbnail wp-image-3077\" src=\"http:\/\/www.liceutasnad.eu\/wp-content\/uploads\/2020\/06\/slide0021_image025-150x150.jpg\" alt=\"\" width=\"150\" height=\"150\" \/>\u00a0<img decoding=\"async\" loading=\"lazy\" class=\"alignleft size-thumbnail wp-image-3076\" src=\"http:\/\/www.liceutasnad.eu\/wp-content\/uploads\/2020\/06\/slide0019_image023-150x150.jpg\" alt=\"\" width=\"150\" height=\"150\" \/>\u00a0<\/span><\/p>\n<p><img decoding=\"async\" loading=\"lazy\" class=\"alignleft size-thumbnail wp-image-3086\" src=\"http:\/\/www.liceutasnad.eu\/wp-content\/uploads\/2020\/06\/image054-150x150.jpg\" alt=\"\" width=\"150\" height=\"150\" \/> <img decoding=\"async\" loading=\"lazy\" class=\"alignleft size-thumbnail wp-image-3081\" src=\"http:\/\/www.liceutasnad.eu\/wp-content\/uploads\/2020\/06\/slide0026_image031-150x150.jpg\" alt=\"\" width=\"150\" height=\"150\" \/> <img decoding=\"async\" loading=\"lazy\" class=\"alignleft size-thumbnail wp-image-3075\" src=\"http:\/\/www.liceutasnad.eu\/wp-content\/uploads\/2020\/06\/slide0017_image027-150x150.jpg\" alt=\"\" width=\"150\" height=\"150\" \/><\/p>\n<p style=\"text-align: justify;\">\n<p style=\"text-align: justify;\">\n<p><code><\/code><\/p>\n","protected":false},"excerpt":{"rendered":"<p>Liceul Tehnologic T\u0103\u015fnad pentru anul \u015fcolar 2024-2025 v\u0103 a\u015fteapt\u0103 cu: &#8211; o clas\u0103: t\u00e2mplar universal (14 locuri) \u015fi sudori (14 locuri), sec\u021bia rom\u00e2n\u0103 Instruirea practic\u0103 este asigurat\u0103 de partenerii no\u0219tri SFL Tehnologies SRL. \u00a0\u00a0\u00a0<\/p>\n","protected":false},"author":1,"featured_media":0,"parent":1409,"menu_order":0,"comment_status":"closed","ping_status":"closed","template":"","meta":[],"_links":{"self":[{"href":"https:\/\/www.liceutasnad.eu\/index.php?rest_route=\/wp\/v2\/pages\/1354"}],"collection":[{"href":"https:\/\/www.liceutasnad.eu\/index.php?rest_route=\/wp\/v2\/pages"}],"about":[{"href":"https:\/\/www.liceutasnad.eu\/index.php?rest_route=\/wp\/v2\/types\/page"}],"author":[{"embeddable":true,"href":"https:\/\/www.liceutasnad.eu\/index.php?rest_route=\/wp\/v2\/users\/1"}],"replies":[{"embeddable":true,"href":"https:\/\/www.liceutasnad.eu\/index.php?rest_route=%2Fwp%2Fv2%2Fcomments&post=1354"}],"version-history":[{"count":31,"href":"https:\/\/www.liceutasnad.eu\/index.php?rest_route=\/wp\/v2\/pages\/1354\/revisions"}],"predecessor-version":[{"id":3498,"href":"https:\/\/www.liceutasnad.eu\/index.php?rest_route=\/wp\/v2\/pages\/1354\/revisions\/3498"}],"up":[{"embeddable":true,"href":"https:\/\/www.liceutasnad.eu\/index.php?rest_route=\/wp\/v2\/pages\/1409"}],"wp:attachment":[{"href":"https:\/\/www.liceutasnad.eu\/index.php?rest_route=%2Fwp%2Fv2%2Fmedia&parent=1354"}],"curies":[{"name":"wp","href":"https:\/\/api.w.org\/{rel}","templated":true}]}}