{"id":1332,"date":"2015-08-24T14:23:48","date_gmt":"2015-08-24T12:23:48","guid":{"rendered":"http:\/\/www.liceutasnad.eu\/?page_id=1332"},"modified":"2018-11-21T23:19:34","modified_gmt":"2018-11-21T21:19:34","slug":"absolventi-ballagok-2015","status":"publish","type":"page","link":"https:\/\/www.liceutasnad.eu\/?page_id=1332","title":{"rendered":"2015"},"content":{"rendered":"<p><span style=\"color: #000000;\"><strong>Directo<\/strong><strong>r:<\/strong> Late\u015f Eugen<\/span><br \/>\n<span style=\"color: #000000;\"> <strong>Director adjunct:<\/strong> Ruff Sofia<\/span><\/p>\n<hr \/>\n<h2><span style=\"color: #ff0000;\">Clasa a XII-a A<\/span><\/h2>\n<p><strong>Profil: real, specializarea: matematic\u0103-informatic\u0103<\/strong><br \/>\n<strong> Diriginte: Sabau Nicoleta<\/strong><br \/>\n<a href=\"http:\/\/www.liceutasnad.eu\/wp-content\/uploads\/2015\/08\/64.jpg\"><img decoding=\"async\" loading=\"lazy\" class=\"alignnone size-full wp-image-1340\" src=\"http:\/\/www.liceutasnad.eu\/wp-content\/uploads\/2015\/08\/64.jpg\" alt=\"64\" width=\"663\" height=\"442\" srcset=\"https:\/\/www.liceutasnad.eu\/wp-content\/uploads\/2015\/08\/64.jpg 663w, https:\/\/www.liceutasnad.eu\/wp-content\/uploads\/2015\/08\/64-300x200.jpg 300w\" sizes=\"(max-width: 663px) 100vw, 663px\" \/><\/a><\/p>\n<h4 style=\"text-align: justify;\"><em>Aciu Ioan,\u00a0<\/em><em>\u00a0Antal Iosif Lorand,\u00a0<\/em><em>\u00a0Bobb David Robert,\u00a0<\/em><em>Borz Marian Florin,<\/em><em>\u00a0Cadar Ionut Paul,<\/em><em>\u00a0Cimpianu Nadina Cristina,<\/em><em>\u00a0Cseh Adrian Alexandru,<\/em><em>\u00a0Fekete Janos Miklos,<\/em><em>\u00a0Ghile Alexandra Ioana,<\/em><em>\u00a0Hoble Calina Alexandra,<\/em><em>\u00a0Hodas Cosmin Andrei,<\/em><em>\u00a0Horvath Laszlo Szabolcs,\u00a0<\/em><em>\u00a0Jula Malina Raluca,<\/em><em>\u00a0Kincses Viviana Stefania,\u00a0<\/em><em>\u00a0Marchis Bogdan,<\/em><em>\u00a0Rugan Diana Iulia,<\/em><em>\u00a0Sabau Maria Teodora,<\/em><em>\u00a0Salajanu Andrei Mihai,<\/em><em>\u00a0Struta Laura Mariana,<\/em><em>\u00a0Tarlea Marian Gheorghe,<\/em><em>\u00a0Tarlea Sorina Diana,<\/em><em>\u00a0Tarlea Silvia Anuta,<\/em><em>\u00a0Vaslavic David Ionut<\/em><\/h4>\n<hr \/>\n<h2><span style=\"color: #ff0000;\">Clasa a XII-a B<\/span><\/h2>\n<p><strong>Profil: real, specializarea: matematic\u0103-informatic\u0103 (limba maghiar\u0103)<\/strong><br \/>\n<strong> Diriginte: Andri\u015fca Annam\u00e1ria<\/strong><\/p>\n<p><a href=\"http:\/\/www.liceutasnad.eu\/wp-content\/uploads\/2015\/08\/61.jpg\"><img decoding=\"async\" loading=\"lazy\" class=\"alignnone size-full wp-image-1337\" src=\"http:\/\/www.liceutasnad.eu\/wp-content\/uploads\/2015\/08\/61.jpg\" alt=\"61\" width=\"648\" height=\"432\" srcset=\"https:\/\/www.liceutasnad.eu\/wp-content\/uploads\/2015\/08\/61.jpg 648w, https:\/\/www.liceutasnad.eu\/wp-content\/uploads\/2015\/08\/61-300x200.jpg 300w\" sizes=\"(max-width: 648px) 100vw, 648px\" \/><\/a><\/p>\n<h4 style=\"text-align: justify;\"><em>Acherman Enik\u0151 Zsuzsanna,\u00a0<\/em><em>Antal Petra Timea,\u00a0<\/em><em>Bakos M\u00e1ty\u00e1s,\u00a0<\/em><em>Bartha Arnold Levente,\u00a0<\/em><em>Bodoni Cristina Mihaela,\u00a0<\/em><em>Ciorba Kinga Krisztina,\u00a0<\/em><em>Csontos Eleon\u00f3ra Andrea,\u00a0<\/em><em>Danko Olivia,\u00a0<\/em><em>Feh\u00e9r Lehel,\u00a0<\/em><em>Gligu\u0163a Alexa Krisztina,\u00a0<\/em><em>Hiripi Rudolf M\u00e1rk,\u00a0<\/em><em>Irimi\u00e1s Timea M\u00e1ria,\u00a0<\/em><em>Kov\u00e1cs Ervin,\u00a0<\/em><em>Kov\u00e1cs Roland,\u00a0<\/em><em>L\u00e9vai Andrea Brigitta,\u00a0<\/em><em>M\u00e9hi Zsuzsanna,\u00a0<\/em><em>M\u00e9sz\u00e1ros Timea,\u00a0<\/em><em>Nagy Zsuzsana Ivett,\u00a0<\/em><em>Poto Timea,\u00a0<\/em><em>Rendes Gheorghe,\u00a0<\/em><em>Ruff Zolt\u00e1n,\u00a0<\/em><em>Simon L\u00f3r\u00e1nd,\u00a0<\/em><em>Smid Ren\u00e1ta,\u00a0<\/em><em>Sz\u00e1v\u00f3 Mikl\u00f3s Krisztoffer,\u00a0<\/em><em>Szil\u00e1gyi Ervin D\u00e1vid,\u00a0<\/em><em>T\u00f3th Arnold Szil\u00e1rd,\u00a0<\/em><em>Z\u00f6ldesi Annam\u00e1ria,\u00a0<\/em><em>Zsid\u00f3 Hajnal<\/em><\/h4>\n<hr \/>\n<h2><span style=\"color: #ff0000;\">Clasa a XII-a C<\/span><\/h2>\n<p><strong>Profil: uman, specializarea: filologie<\/strong><br \/>\n<strong> Diriginte: Maier Teodora<\/strong><\/p>\n<p><a href=\"http:\/\/www.liceutasnad.eu\/wp-content\/uploads\/2015\/08\/62.jpg\"><img decoding=\"async\" loading=\"lazy\" class=\"alignnone size-full wp-image-1338\" src=\"http:\/\/www.liceutasnad.eu\/wp-content\/uploads\/2015\/08\/62.jpg\" alt=\"62\" width=\"677\" height=\"420\" srcset=\"https:\/\/www.liceutasnad.eu\/wp-content\/uploads\/2015\/08\/62.jpg 677w, https:\/\/www.liceutasnad.eu\/wp-content\/uploads\/2015\/08\/62-300x186.jpg 300w\" sizes=\"(max-width: 677px) 100vw, 677px\" \/><\/a><\/p>\n<p><em>1. Antal I Lucian Ioan<\/em><br \/>\n<em> 2. Apaczai I Florina Andrea<\/em><br \/>\n<em> 3. Balogh I Maria<\/em><br \/>\n<em> 4. Blidar N Vlad Ioan<\/em><br \/>\n<em> 5. Bolba Madalin<\/em><br \/>\n<em> 6. Bolba G Razvan Radu<\/em><br \/>\n<em> 7. Bucovschy D Dorin Bogdan<\/em><br \/>\n<em> 8. Chis O Ema Loredana<\/em><br \/>\n<em> 9. Cirtiu V Roxana Anamaria<\/em><br \/>\n<em> 10. Cordis V Mariana Daniela<\/em><br \/>\n<em> 11. Erdei N Lacrimioara Madalina<\/em><br \/>\n<em> 12. Filimon D Daniela Mariana<\/em><br \/>\n<em> 13. Funer S Petronela Mihaiela<\/em><br \/>\n<em> 14. Hudea I Gheorghina Cristina<\/em><br \/>\n<em> 15. Ionas D Serban George<\/em><br \/>\n<em> 16. Lica I Lavinia Elena<\/em><br \/>\n<em> 17. Lovas G Adriana<\/em><br \/>\n<em> 18. Lovas G Roxandra<\/em><br \/>\n<em> 19. Madas N Marinel Nicusor<\/em><br \/>\n<em> 20. Marchis V Casian Vasile<\/em><br \/>\n<em> 21. Masca G Roxana Mariana<\/em><br \/>\n<em> 22. Mezei G Vlad Gheorghe<\/em><br \/>\n<em> 23. Moisa I Madalina Maria<\/em><br \/>\n<em> 24. Oros D Nicoleta Georgeta<\/em><br \/>\n<em> 25. Pop S Adrian<\/em><br \/>\n<em> 26. Puscas G Adelina Maria<\/em><br \/>\n<em> 27. Santa G David<\/em><br \/>\n<em> 28. Sas C Laura Manuela<\/em><br \/>\n<em> 29. Stoian G Tania Ereda<\/em><br \/>\n<em> 30. Tudoran G Madalina Denisa<\/em><br \/>\n<em> 31. Uzoni A Emoke Angela<\/em><\/p>\n<hr \/>\n<h2><span style=\"color: #ff0000;\">Clasa a XII-a D<\/span><\/h2>\n<p><strong>Profil: economic, specializarea: tehnician in activitati economice<\/strong><br \/>\n<strong> Diriginte: Darida Doina<\/strong><br \/>\n<a href=\"http:\/\/www.liceutasnad.eu\/wp-content\/uploads\/2015\/08\/63.jpg\"><img decoding=\"async\" loading=\"lazy\" class=\"alignnone size-full wp-image-1339\" src=\"http:\/\/www.liceutasnad.eu\/wp-content\/uploads\/2015\/08\/63.jpg\" alt=\"63\" width=\"576\" height=\"431\" srcset=\"https:\/\/www.liceutasnad.eu\/wp-content\/uploads\/2015\/08\/63.jpg 576w, https:\/\/www.liceutasnad.eu\/wp-content\/uploads\/2015\/08\/63-300x224.jpg 300w\" sizes=\"(max-width: 576px) 100vw, 576px\" \/><\/a><\/p>\n<p><em>1. Abriham V C\u0103t\u0103lin Vasile<\/em><br \/>\n<em> 2. Astal\u00ee\u015f G Darius Ionu\u0163<\/em><br \/>\n<em> 3. Bojan I M\u0103d\u0103lina<\/em><br \/>\n<em> 4. Contra\u015f G Cosmin Gheorghe<\/em><br \/>\n<em> 5. Coroian E Cristina<\/em><br \/>\n<em> 6. Cri\u015fan V Cristina Nicoleta<\/em><br \/>\n7. <em>Dihene\u015f A Sergiu Adrian<\/em><br \/>\n<em> 8. Dobra I IonelaMarinela<\/em><br \/>\n<em> 9. Gal V Emese<\/em><br \/>\n<em> 10. Gurzo I Claudiu Corado<\/em><br \/>\n<em> 11. Ilie\u015f M Adrian Marin<\/em><br \/>\n<em> 12. Ilies N Cristina Gabriela<\/em><br \/>\n<em> 13. Marian \u0162arc\u0103 D Paul<\/em><br \/>\n<em> 14. Nagy D Robert<\/em><br \/>\n<em> 15. O\u015fan V Vlad Vasile<\/em><br \/>\n<em> 16. Petru\u0163 N Amalia Nensy<\/em><br \/>\n<em> 17. Polgar G Sorin Gheorghe<\/em><br \/>\n<em> 18. Pop A Emanuel<\/em><br \/>\n<em> 19. Pop I Dumitru Ionut<\/em><br \/>\n<em> 20. Ro\u015fca O Larisa Maria<\/em><br \/>\n<em> 21. Sabou V Claudiu Florin<\/em><br \/>\n<em> 22. Silaghi G Teodora Mariana<\/em><br \/>\n<em> 23. \u015eipo\u015f A Mariana<\/em><br \/>\n<em> 24. \u015eipo\u015f M Ionu\u0163<\/em><br \/>\n<em> 25. Suci I Adrian Ioan<\/em><br \/>\n<em> 26. Talpo\u015f M Beamin Marin<\/em><br \/>\n<em> 27. T\u0103r\u0163an V Larisa Gabriela<\/em><br \/>\n<em> 28. \u0162ermure P Alexandra Anca<\/em><br \/>\n<em> 29. Toth V Vlad Gabriela<\/em><\/p>\n<hr \/>\n<h2><span style=\"color: #ff0000;\">Clasa a XII-a E<\/span><\/h2>\n<p><strong>Profil: tehnic, specializarea: tehnician mecatronist<\/strong><br \/>\n<strong> Diriginte: Barbura\u015f R\u0103c\u0103\u015fan Vasile<\/strong><br \/>\n<em>1. Abriham V Ciprian Florin<\/em><br \/>\n<em> 2. Artem I Ionu\u0163 Rare\u015f<\/em><br \/>\n<em> 3. Cojoc N Nicoleta<\/em><br \/>\n<em> 4. Gordea I Ionu\u0163 Florentin<\/em><br \/>\n<em> 5. Haiduc I Eniko Izabela<\/em><br \/>\n<em> 6. Hodorog I Ionel George<\/em><br \/>\n<em> 7. Holczberger F Krisztian<\/em><br \/>\n<em> 8. Iuhas I Ionu\u0163<\/em><br \/>\n<em> 9. Kovacs A Alexandru Iosif<\/em><br \/>\n<em> 10. L\u0103c\u0103tu\u015f V Cristina Maria<\/em><br \/>\n<em> 11. Lakata\u015f R Norbert Csaba<\/em><br \/>\n<em> 12. Laz\u0103r V Vasile<\/em><br \/>\n<em> 13. Martocian A Cristofer<\/em><br \/>\n<em> 14. Mezei I Blanka Magdalena<\/em><br \/>\n<em> 15. Siladi G Liviu Gheorghe<\/em><br \/>\n<em> 16. Sogor I Istvan Cristian<\/em><br \/>\n<em> 17. Timofi V Marcel Radu<\/em><br \/>\n<em> 18. \u0162ofei S Vasile<\/em><br \/>\n<em> 19. Tomole N Adrian<\/em><br \/>\n<em> 20. Vere\u015f G Gyorgy<\/em><\/p>\n<p><a href=\"http:\/\/actualitateasm.ro\/stiri\/45584-o-noua-serie-de-absolventi-la-liceul-tehnologic-din-tasnad\/\">Actualitatea S\u0103tm\u0103rean\u0103 <\/a><\/p>\n","protected":false},"excerpt":{"rendered":"<p>Director: Late\u015f Eugen Director adjunct: Ruff Sofia Clasa a XII-a A Profil: real, specializarea: matematic\u0103-informatic\u0103 Diriginte: Sabau Nicoleta Aciu Ioan,\u00a0\u00a0Antal Iosif Lorand,\u00a0\u00a0Bobb David Robert,\u00a0Borz Marian Florin,\u00a0Cadar Ionut Paul,\u00a0Cimpianu Nadina Cristina,\u00a0Cseh Adrian Alexandru,\u00a0Fekete Janos Miklos,\u00a0Ghile Alexandra Ioana,\u00a0Hoble Calina Alexandra,\u00a0Hodas Cosmin Andrei,\u00a0Horvath &hellip; <a href=\"https:\/\/www.liceutasnad.eu\/?page_id=1332\">Continue reading <span class=\"meta-nav\">&rarr;<\/span><\/a><\/p>\n","protected":false},"author":1,"featured_media":0,"parent":1689,"menu_order":7,"comment_status":"closed","ping_status":"closed","template":"","meta":[],"_links":{"self":[{"href":"https:\/\/www.liceutasnad.eu\/index.php?rest_route=\/wp\/v2\/pages\/1332"}],"collection":[{"href":"https:\/\/www.liceutasnad.eu\/index.php?rest_route=\/wp\/v2\/pages"}],"about":[{"href":"https:\/\/www.liceutasnad.eu\/index.php?rest_route=\/wp\/v2\/types\/page"}],"author":[{"embeddable":true,"href":"https:\/\/www.liceutasnad.eu\/index.php?rest_route=\/wp\/v2\/users\/1"}],"replies":[{"embeddable":true,"href":"https:\/\/www.liceutasnad.eu\/index.php?rest_route=%2Fwp%2Fv2%2Fcomments&post=1332"}],"version-history":[{"count":19,"href":"https:\/\/www.liceutasnad.eu\/index.php?rest_route=\/wp\/v2\/pages\/1332\/revisions"}],"predecessor-version":[{"id":2814,"href":"https:\/\/www.liceutasnad.eu\/index.php?rest_route=\/wp\/v2\/pages\/1332\/revisions\/2814"}],"up":[{"embeddable":true,"href":"https:\/\/www.liceutasnad.eu\/index.php?rest_route=\/wp\/v2\/pages\/1689"}],"wp:attachment":[{"href":"https:\/\/www.liceutasnad.eu\/index.php?rest_route=%2Fwp%2Fv2%2Fmedia&parent=1332"}],"curies":[{"name":"wp","href":"https:\/\/api.w.org\/{rel}","templated":true}]}}