{"id":1244,"date":"2015-01-16T12:52:01","date_gmt":"2015-01-16T10:52:01","guid":{"rendered":"http:\/\/www.liceutasnad.eu\/?page_id=1244"},"modified":"2024-08-26T07:43:52","modified_gmt":"2024-08-26T05:43:52","slug":"burse","status":"publish","type":"page","link":"https:\/\/www.liceutasnad.eu\/?page_id=1244","title":{"rendered":"Burse &#8211; 2024"},"content":{"rendered":"<p>Elevii pot beneficia, dup\u0103 caz, de urm\u0103toarele tipuri de burse:<\/p>\n<p>a) burs\u0103 de excelen\u021b\u0103 olimpic\u0103 I;<br \/>b) burs\u0103 de excelen\u021b\u0103 olimpic\u0103 II;<br \/>c) burs\u0103 de merit;<br \/>d) burs\u0103 de rezilien\u021b\u0103;<br \/>e) burs\u0103 social\u0103<br \/>f) burs\u0103 tehnologic\u0103<\/p>\n<div id=\"edupe-049f6169294c3a7af4086891c8cc2d51\" class=\"edupe-049f6169294c3a7af4086891c8cc2d51 edupe-continut_10\">\n<div id=\"edupe-1336689531\" class=\"edupe-continut_10\">\n<div id=\"adoceanrotdifjtpjcz5\"><span style=\"font-size: 16px;\">Bursa tehnologic\u0103 se mai acord\u0103 elevilor de la \u0219colile profesionale \u0219i cele duale doar \u00een anul \u0219colar 2024-2025, potrivit documentului, care poate fi desc\u0103rcat mai jos din articol.<\/span><\/div>\n<\/div>\n<\/div>\n<ul class=\"wp-block-list\">\n<li><a href=\"https:\/\/www.edupedu.ro\/burse-scolare-2024-2025-noul-termen-de-plata-este-data-de-20-a-fiecarei-luni-bursele-sociale-se-acorda-si-in-perioada-examenului-de-bacalaureat-printre-noutatile-anuntate-de-ministerul-educatiei\/\" target=\"_blank\" rel=\"noopener\">Noul termen de plat\u0103 este data de 20 a fiec\u0103rei luni<\/a>, iar bursele sociale se acord\u0103 \u0219i \u00een perioada examenului de Bacalaureat \u2013 printre nout\u0103\u021bile anun\u021bate de Ministerul Educa\u021biei.<\/li>\n<\/ul>\n<p>Ca \u00een metodologia pentru anul \u0219colar curent (<a href=\"https:\/\/www.edupedu.ro\/oficial-regulile-noi-pentru-cele-cinci-tipuri-de-burse-scolare-2023-publicate-in-monitorul-oficial\/\" target=\"_blank\" rel=\"noopener\">2023-2024<\/a>), un elev poate beneficia de o singur\u0103 burs\u0103 de excelen\u021b\u0103 olimpic\u0103 pe an, de o singur\u0103 burs\u0103 de merit pe an, indiferent de rezultatele ob\u021binute \u00een anul \u0219colar anterior, ca medie general\u0103 sau rezultate la competi\u021bii, iar bursa de excelen\u021b\u0103 olimpic\u0103 I sau II nu se cumuleaz\u0103 cu bursa de merit.<\/p>\n<p><strong>Bursele de merit, de rezilien\u021b\u0103 \u0219i tehnologice se calculeaz\u0103 dup\u0103 o formul\u0103<\/strong>\u00a0care are \u00een vedere zilele de vacan\u021b\u0103 \u0219i zilele libere \/ s\u0103rb\u0103torile legale. Formula este (CmB\/NZL) x (NZL \u2013 NZV), unde:<\/p>\n<ul class=\"wp-block-list\">\n<li>CmB = cuantumul minim al bursei, stabilit prin lege\/ordin de ministru;<\/li>\n<li>NZL = num\u0103r de zile lucr\u0103toare din luna respectiv\u0103;<\/li>\n<li>NZV = num\u0103r de zile de vacan\u021b\u0103 din luna respectiv\u0103.<\/li>\n<\/ul>\n<p><strong>Pentru anul \u0219colar 2024\u20142025, cuantumul minim al burselor este:<\/strong><\/p>\n<p><em>a) pentru bursa de merit \u2014 450 lei\/lun\u0103;<\/em><br \/><em>b) pentru bursa de rezilien\u021b\u0103 \u2014 300 lei\/lun\u0103;<\/em><br \/><em>c) pentru bursa social\u0103 \u2014 300 lei\/lun\u0103;<\/em><br \/><em>d) pentru bursa tehnologic\u0103 \u2014 300 lei\/lun\u0103.<\/em>\u00a0La acestea se adaug\u0103 \u0219i bursa pentru mame minore, \u00een valoare de 700 de lei pe lun\u0103.<\/p>\n<p>\u201eBursele de merit, rezilien\u021b\u0103 \u0219i tehnologice se acord\u0103 \u00een fiecare an \u0219colar, pe perioada cursurilor \u0219colare, inclusiv pe perioada preg\u0103tirii practice \u0219i pe timpul preg\u0103tirii \u0219i sus\u021binerii evalu\u0103rii na\u021bionale de c\u0103tre absolven\u021bii clasei a VIII-a, \u00een perioada primei sesiuni a examenului na\u021bional de bacalaureat sau a examenului de certificare a calific\u0103rii profesionale, p\u00e2n\u0103 la comunicarea rezultatelor finale, cu condi\u021bia ca elevii bursieri s\u0103 se prezinte la examene\u201d, mai prevede metodologia aprobat\u0103 prin ordinul de ministru (OME) 5.518.<\/p>\n<p style=\"text-align: justify;\"><strong>\u00a0<\/strong><strong>\u00a0<\/strong><\/p>\n\n\n<div class=\"wp-block-file\"><object class=\"wp-block-file__embed\" data=\"https:\/\/www.liceutasnad.eu\/wp-content\/uploads\/2024\/08\/OME_5518_Burse_2024-2025_MO_677_15-07.pdf\" type=\"application\/pdf\" style=\"width:100%;height:600px\" aria-label=\"Embed of OME_5518_Burse_2024-2025_MO_677_15-07.\"><\/object><a id=\"wp-block-file--media-186d06a9-30c6-46e0-97f5-2c2f95c15c1f\" href=\"https:\/\/www.liceutasnad.eu\/wp-content\/uploads\/2024\/08\/OME_5518_Burse_2024-2025_MO_677_15-07.pdf\">OME_5518_Burse_2024-2025_MO_677_15-07<\/a><a href=\"https:\/\/www.liceutasnad.eu\/wp-content\/uploads\/2024\/08\/OME_5518_Burse_2024-2025_MO_677_15-07.pdf\" class=\"wp-block-file__button wp-element-button\" download aria-describedby=\"wp-block-file--media-186d06a9-30c6-46e0-97f5-2c2f95c15c1f\">Download<\/a><\/div>\n","protected":false},"excerpt":{"rendered":"<p>Elevii pot beneficia, dup\u0103 caz, de urm\u0103toarele tipuri de burse: a) burs\u0103 de excelen\u021b\u0103 olimpic\u0103 I;b) burs\u0103 de excelen\u021b\u0103 olimpic\u0103 II;c) burs\u0103 de merit;d) burs\u0103 de rezilien\u021b\u0103;e) burs\u0103 social\u0103f) burs\u0103 tehnologic\u0103 Bursa tehnologic\u0103 se mai acord\u0103 elevilor de la \u0219colile &hellip; <a href=\"https:\/\/www.liceutasnad.eu\/?page_id=1244\">Continue reading <span class=\"meta-nav\">&rarr;<\/span><\/a><\/p>\n","protected":false},"author":1,"featured_media":0,"parent":1407,"menu_order":1,"comment_status":"open","ping_status":"open","template":"","meta":[],"_links":{"self":[{"href":"https:\/\/www.liceutasnad.eu\/index.php?rest_route=\/wp\/v2\/pages\/1244"}],"collection":[{"href":"https:\/\/www.liceutasnad.eu\/index.php?rest_route=\/wp\/v2\/pages"}],"about":[{"href":"https:\/\/www.liceutasnad.eu\/index.php?rest_route=\/wp\/v2\/types\/page"}],"author":[{"embeddable":true,"href":"https:\/\/www.liceutasnad.eu\/index.php?rest_route=\/wp\/v2\/users\/1"}],"replies":[{"embeddable":true,"href":"https:\/\/www.liceutasnad.eu\/index.php?rest_route=%2Fwp%2Fv2%2Fcomments&post=1244"}],"version-history":[{"count":15,"href":"https:\/\/www.liceutasnad.eu\/index.php?rest_route=\/wp\/v2\/pages\/1244\/revisions"}],"predecessor-version":[{"id":3503,"href":"https:\/\/www.liceutasnad.eu\/index.php?rest_route=\/wp\/v2\/pages\/1244\/revisions\/3503"}],"up":[{"embeddable":true,"href":"https:\/\/www.liceutasnad.eu\/index.php?rest_route=\/wp\/v2\/pages\/1407"}],"wp:attachment":[{"href":"https:\/\/www.liceutasnad.eu\/index.php?rest_route=%2Fwp%2Fv2%2Fmedia&parent=1244"}],"curies":[{"name":"wp","href":"https:\/\/api.w.org\/{rel}","templated":true}]}}