{"id":1100,"date":"2014-08-21T11:08:13","date_gmt":"2014-08-21T09:08:13","guid":{"rendered":"http:\/\/www.wampage.eu\/?page_id=1100"},"modified":"2019-03-28T23:11:40","modified_gmt":"2019-03-28T21:11:40","slug":"evenimente","status":"publish","type":"page","link":"https:\/\/www.liceutasnad.eu\/?page_id=1100","title":{"rendered":"Evenimente 2014-2015"},"content":{"rendered":"<hr \/>\n<h2 style=\"text-align: center;\">\u00a0<span style=\"color: #ff6600;\">Ziua por\u0163ilor deschise<\/span><\/h2>\n<p style=\"text-align: justify;\"><a href=\"http:\/\/www.liceutasnad.eu\/wp-content\/uploads\/2014\/08\/55.jpg\"><img decoding=\"async\" loading=\"lazy\" class=\"size-full wp-image-1324 alignleft\" src=\"http:\/\/www.liceutasnad.eu\/wp-content\/uploads\/2014\/08\/55.jpg\" alt=\"55\" width=\"264\" height=\"198\" \/><\/a>La fel ca \u00een fiecare an, liceul nostru organizeaz\u0103 Ziua Por\u0163ilor Deschise pentru ca tinerii boboci s\u0103 poat\u01ce vedea ceea ce \u00eei a\u015feapt\u0103 \u00een urm\u01cetorii ani, s\u01ce fac\u01ce cuno\u015ftin\u0163\u0103 cu profesorii, dar \u00een special s\u0103 se acomodeze. Au sosit peste 100 de elevi din \u015fcolile gimnaziale T\u0103\u015fnad, Ceahal, Ceh\u0103l\u0103\u0163, Sant\u0103u \u015fi S\u0103c\u0103\u015feni.<\/p>\n<p style=\"text-align: justify;\">Dl. director Eugen Late\u015f \u015fi d-na director adjunct Sofia Ruff a prezen<a href=\"http:\/\/www.liceutasnad.eu\/wp-content\/uploads\/2014\/08\/56.jpg\"><img decoding=\"async\" loading=\"lazy\" class=\"size-full wp-image-1325 alignleft\" src=\"http:\/\/www.liceutasnad.eu\/wp-content\/uploads\/2014\/08\/56.jpg\" alt=\"56\" width=\"264\" height=\"198\" \/><\/a>tat oportunit\u0103\u0163ile unit\u0103\u0163ii noastre, iar dl. inginer Sabo Emil a f\u0103cut o prezentare a \u015fcolii profesionale, oferind informa\u0163ii legate de calific\u0103rile oferite pentru anul \u015fcolar 2015-2016.<\/p>\n<p style=\"text-align: justify;\">De data aceasta boboceii au putut urm\u0103ri, dup\u0103 vizitarea liceului un spectacol sportiv \u00een toat\u0103 puterea cuv\u00e2ntului, organizat de domnul profesor de educa\u0163ie fizic\u01ce \u015fi sport Reimond Holczberger.<\/p>\n<p style=\"text-align: center;\"><strong>Proiectul a fost finan\u0163at de Consiliul Local T\u0103\u015fnad<\/strong><\/p>\n<hr \/>\n<h2 style=\"text-align: center;\"><span style=\"color: #ff6600;\">Mi\u015fcarea \u00eenseamn\u0103 via\u0163\u0103 , sportul \u00eenseamn\u0103 s\u0103n\u0103tate!<\/span><\/h2>\n<p style=\"text-align: justify;\"><a href=\"http:\/\/www.liceutasnad.eu\/wp-content\/uploads\/2014\/08\/57.jpg\"><img decoding=\"async\" loading=\"lazy\" class=\"size-full wp-image-1326 alignright\" src=\"http:\/\/www.liceutasnad.eu\/wp-content\/uploads\/2014\/08\/57.jpg\" alt=\"57\" width=\"256\" height=\"192\" \/><\/a>Cum s\u0103 \u00ee\u0163i explic ce este dragostea dac\u0103 niciodat\u0103 nu \u0163i-ai pus tricoul echipei tale?<br \/>\nCum s\u0103 explic ce \u00eenseamn\u0103 via\u0163a dac\u0103 nu ai \u00eencercat m\u0103car odat\u0103 s\u0103 te d\u0103ruie\u015fti sportului ?<br \/>\nSportul este vital pentru via\u0163a noastr\u0103 \u015fi ar trebui sa fie de nelipsit \u00een via\u0163a de zi cu zi deoarece o minte s\u0103n\u0103toas\u0103 are nevoie de un corp s\u0103n\u0103tos .<br \/>\nSportul te face mai fericit !<br \/>\nMi\u015fcarea este bun\u0103 nu doar pentru s\u0103n\u0103tate fizic\u0103, ci \u015fi pentru cea mintal\u0103 !<br \/>\nEste vorba de efectul de bun\u0103 dispozi\u0163ie care modific\u0103 circula\u0163ia s\u00e2ngelui cu ajutorul hormonilor care stimuleaz\u0103 psihicul .<br \/>\nMotto :<em> Nimic nu \u00eel epuizeaz\u0103 \u015fi nu \u00eel ruineaz\u0103 mai mult pe om dec\u00e2t inactivitatea fizic\u0103 !!!<\/em><br \/>\nAristotel<\/p>\n<p style=\"text-align: right;\"><strong>Zaharia Marcela, <\/strong><br \/>\n<strong> Clasa a-X-a A<\/strong><\/p>\n<hr \/>\n<h2 style=\"text-align: center;\"><span style=\"color: #ff6600;\">La teatru<\/span><\/h2>\n<p style=\"text-align: justify;\">Plictisi\u0163i de lumea virtual\u0103 \u015fi de monotonia ora\u015fului, \u00eempreun\u0103 cu c\u00e2\u0163iva colegi, am decis s\u0103 mergem la teatru.<br \/>\nDe cum am intrat \u00een sal\u0103, am remarcat atmosfera relaxat\u0103 \u015fi oamenii bucuro\u015fi c\u0103 pot participa la o experien\u0163\u0103 unic\u0103 \u00een via\u0163\u0103. Dup\u0103 c\u00e2teva minute \u00een care am a\u015fteptat, a \u00eenceput piesa de teatru intitulat\u0103 &#8220;\u00cendr\u0103gosti\u0163ii din Ancona&#8221;.<br \/>\n\u00cen aceast\u0103 pies\u0103 de teatru ac\u0163iunea se petrece \u00een ora\u015felul italian Ancona, \u00eentr-o veche pia\u0163\u0103, unde apropierea dintre case \u015fi s\u00e2ngele latin fac \u00eemposibile p\u0103strarea secretelor.<br \/>\nCel mai important om din ora\u015f, bog\u0103ta\u015ful Tomao Nicomaco, un Don Juan v\u0103duv, are o fat\u0103 b\u00e2lb\u00e2it\u0103, Lucia, pe care dore\u015fte s\u0103 o c\u0103s\u0103toreasc\u0103 cu Giovanni, proprietarul unei cafenele din apropiere. \u00cen vecin\u0103tate mai locuie\u015fte \u015fi Agnese, proprietara unui motel \u015fi fosta iubit\u0103 a lui Don Tomao, o femeie care \u015ftie tot \u015fi spune tot. Acelea\u015fi &#8220;calit\u0103\u0163i&#8221; le are \u015fi Dorina-menajera \u015fi amanta lui Don Tomao. Inima tinerei Lucia este furat\u0103 de c\u0103tre Luigi, un c\u00e2nt\u0103re\u0163 de pe strad\u0103, care este \u015fi el la r\u00e2ndul lui \u00eendr\u0103gostit de aceasta. Planul lui Don Tomao de a-\u015fi m\u0103rita fata cu Giovanni ia o \u00eentors\u0103tur\u0103 nea\u015fteptat\u0103 odat\u0103 cu venirea lui Lucrezio, student, fost marinar, care sufer\u0103 din dragoste \u015fi are g\u00e2nduri sinuciga\u015fe. Grupului colorat din Ancona i se al\u0103tur\u0103 \u015fi Victoria. Ea este o t\u00e2n\u0103r\u0103 moldoveanc\u0103 cu pu\u0163ine cuno\u015ftin\u0163e de limb\u0103 italian\u0103, cu suflet mare \u015fi viitoare mam\u0103. Tat\u0103l copilului ei este Giovanni.<br \/>\nO r\u0103sturnare de situa\u0163ii apare atunci c\u00e2nd, Drucilla, iubita lui Lorenzo, care era considerat\u0103 moart\u0103, se re\u00eentoarce \u00een or\u0103\u015felul natal. Iubirea lor rena\u015fte, Giovanni se elibereaz\u0103 de promisiunea unei c\u0103s\u0103torii cu Lucia, aceasta nu se mai b\u00e2lb\u00e2ie \u00een prezen\u0163a lui Luigi, iar Don Tomao, \u00eendr\u0103gostit de Victoria, afl\u0103 c\u0103 aceasta \u00eei este fiic\u0103.<br \/>\nPot s\u0103 spun c\u0103 actorii au intrat excelent \u00een pielea personajelor, iar dac\u0103 sim\u0163i\u0163i nevoia de o pauz\u0103 de la toat\u0103 agita\u0163ia din jur aceast\u0103 pies\u0103 de teatru face minuni. Piesa ne-a oferit multe c\u00e2ntece, multe replici pline de umor \u015fi mult dans. A fost o experien\u0163\u0103 foarte pl\u0103cut\u0103 \u015fi mi-ar pl\u0103cea s\u0103 o repet de c\u00e2te ori voi avea posibilitatea pentru c\u0103 teatrul este, \u00een opinia mea, p\u00e2inea \u015fi sarea cunoa\u015fterii.<\/p>\n<p style=\"text-align: right;\"><strong>Miterici Adina, <\/strong><br \/>\n<strong> Clasa a-X-a A<\/strong><\/p>\n<hr \/>\n<h2 style=\"text-align: center;\"><span style=\"color: #ff6600;\">Lansare de carte la Liceul Tehnologic T\u0103\u015fnad<\/span><\/h2>\n<p style=\"text-align: justify;\"><a href=\"http:\/\/www.liceutasnad.eu\/wp-content\/uploads\/2014\/08\/52.jpg\"><img decoding=\"async\" loading=\"lazy\" class=\"size-full wp-image-1322 alignright\" src=\"http:\/\/www.liceutasnad.eu\/wp-content\/uploads\/2014\/08\/52.jpg\" alt=\"52\" width=\"289\" height=\"217\" \/><\/a>Ziua Culturii Na\u0163ionale din acest an a fost deosebit\u0103 pentru liceul nostru, care a avut ocazia s\u0103 g\u0103zduiasc\u0103 un incitant simpozion cu titlul \u201dCartea \u015fi calculatorul\u201d \u00een cadrul c\u0103ruia a fost prezentat\u0103 cartea scriitorului Felician Pop-Turn Desfrunzit.<br \/>\nLa acest simpozion au participat elevi ai liceului alaturi de cadre didactice, iar ca oficialit\u0103\u0163i i-am avut invita\u0163i pe scriitorul Felician Pop, Directorul Muzeului Jude\u0163ean Satu Mare dr. Liviu Marta, Directorul Centrului Jude\u0163ean pentru Conservarea \u015fi Promovarea Culturii Tradi\u0163ionale, Robert L\u00e1szl\u00f3.<\/p>\n<p style=\"text-align: justify;\">Cei prezen\u0163i au avut ocazia s\u0103 asiste la prezentarea unor descoperiri arheologice recente f\u0103cute \u00een zona T\u0103\u015fnadului, dar \u015fi la un dialog cu scriitorul pe tema rela\u0163iei dintre carte \u015fi calculator \u015fi a condi\u0163iei scriitorului \u00een lumea modern\u0103.<br \/>\nTot elevii au fost cei care au avut de c\u00e2\u015ftigat \u00eentruc\u00e2t au putut discuta deschis cu un scriitor \u015fi chiar s-au ar\u0103tat extrem de interesa\u0163i de fenomenul cultural \u00een general \u015fi de cel literal \u00een special.<br \/>\nFelician Pop a m\u0103rturisit c\u0103 a venit s\u0103-\u015fi prezinte cartea pentru c\u0103 anul trecut \u00een cadrul Caravanei Culturale S\u0103tm\u0103rene le-a promis elevilor din T\u0103\u015fnad c\u0103 va aduce aceast\u0103 carte aici. El i-a \u00eendemnat pe cei tineri s\u0103 acorde o importan\u0163\u0103 sporit\u0103 lecturilor, mai ales celor sporitoare de fiin\u0163\u0103, pentru c\u0103 acestea \u00ee\u0163i ofer\u0103 posibilitatea unor largi deschideri spirituale.<br \/>\nSper\u0103m c\u0103 astfel de evenimente se vor repeta \u00een cadrul liceului nostru pentru ca, astfel, iubitorii de literatur\u0103 s\u0103 capete informa\u0163ii noi \u015fi interesante despre via\u0163a literar\u0103 s\u0103tm\u0103rean\u0103.<\/p>\n<p style=\"text-align: right;\">***<\/p>\n<hr \/>\n<p>&nbsp;<\/p>\n<h2 style=\"text-align: center;\"><span style=\"color: #ff6600;\">Eminescu omagiat la Liceul Tehnologic T\u0103\u015fnad<\/span><\/h2>\n<p style=\"text-align: justify;\"><a href=\"http:\/\/www.liceutasnad.eu\/wp-content\/uploads\/2014\/08\/53.jpg\"><img decoding=\"async\" loading=\"lazy\" class=\"size-full wp-image-1323 alignleft\" src=\"http:\/\/www.liceutasnad.eu\/wp-content\/uploads\/2014\/08\/53.jpg\" alt=\"53\" width=\"181\" height=\"216\" \/><\/a>Vreme trece, vreme vine\u2026\u015fi au trecut, \u00eentr-adev\u0103r, 165 de ani de la na\u015fterea Luceaf\u01cerului poeziei noastre, care str\u0103luce\u015fte pe bolta literaturii rom\u00e2ne \u015fi universale.<br \/>\nVolume \u00eentregi s-au scris \u00een acest r\u01cestimp, numeroase pagini de reviste, toate st\u00e2nd m\u01certurie str\u0103lucirii sale tot mai puternice peste timp. Cel f\u01cer\u01ce pereche tr\u01ceie\u015fte \u00eens\u01ce \u00een sufletele noastre \u015fi va tr\u01cei peste secole&#8230;<br \/>\nA vorbi despre Eminescu este ca \u015fi cum ai striga \u00eentr-o pe\u015fter\u01ce vast\u01ce&#8230;nu poate s\u01ce ajung\u01ce vorba p\u00e2n\u01ce la el, f\u01cer\u01ce s\u01ce-i supere t\u01cecerea. Numai graiul versurilor sale ar putea s\u01ce redea o raz\u01ce din m\u0103rea\u0163a-i slav\u01ce.<br \/>\n\u00centruc\u00e2t cuvintele sunt mult prea s\u01cerace pentru al defini pe Eminescu, elevii liceului nostru au preg\u0103tit un program, sub \u00eendrumarea dnelor. Prof.Lavinia T\u0103tar \u015fi Teodora Maier. Au recitat poezii: R\u0103sai asupra mea- Capota Alexandra(IX C), au c\u00e2ntat-Sara pe deal &#8211; orga \u015fi chitara- Matias Edwin \u015fi Hegyi Barbara(IX B). Programul a continuat cu Povestea teiului spus\u0103 de Burdea Nicolae, Toth Denisa, Maier Flavia, Perne\u015f Diana(X C), iar celebrele scrisori Veronica Micle-Mihai Eminescu au fost lecturate de Pop Mirela(X C), respectiv \u015eindil\u0103 Dorin (XI A).<br \/>\nCapodopera eminescian\u0103, ce sintetizeaz\u0103 toate categoriile lirice mai de seam\u0103 pe care poezia lui Eminescu le-a produs mai \u00eenainte este Luceaf\u0103rul. \u00cen \u00eencheierea, programului elevii clasei a XI C au transpus poemul \u00eentr-o mic\u0103 scenet\u0103. Amfitrioana spectacolului a fost nimeni alta dec\u00e2t Florina T\u00e2rlea-XI A.<\/p>\n<hr \/>\n<h2 style=\"text-align: center;\"><span style=\"color: #ff6600;\">De la participant la organizator<\/span><\/h2>\n<p style=\"text-align: justify;\"><a href=\"http:\/\/www.liceutasnad.eu\/wp-content\/uploads\/2014\/08\/50.jpg\"><img decoding=\"async\" loading=\"lazy\" class=\"size-full wp-image-1316 alignleft\" src=\"http:\/\/www.liceutasnad.eu\/wp-content\/uploads\/2014\/08\/50.jpg\" alt=\"50\" width=\"202\" height=\"276\" \/><\/a>Dup\u0103 multele s\u0103pt\u0103m\u00e2ni de preg\u0103tiri, vineri 07. Noiembrie 2014 odat\u0103 cu l\u0103sarea serii, sala de spectacole Unirea s-a transformat \u00een &#8220;Decernarea premiilor MTV&#8221; devenind prin efortul \u015fi imagina\u0163ia organizatorilor &#8220;Balul bobocilor &#8221; a Liceului Tehnologic T\u0103\u015fnad. Elevii claselor a XI-a spijini\u0163i de dirigin\u0163ii: Vere\u015f Daniela, Mezosi Edith \u015fi Costea Mihai au primit cu elegan\u0163\u0103 \u015fi stil bobocii liceului.<br \/>\nGazdele serii au fost Ioana Racol\u0163a \u015fi Marian Vig, care au \u00eent\u00e2mpinat bobocii cu mult\u0103 c\u0103ldur\u0103 \u015fi \u00eenl\u0103tur\u00e2ndu-le pu\u0163in din emo\u0163ii. Au f\u0103cut o scurt\u0103 prezentare a spectacolului enumer\u00e2nd sponsorii, colaboratorii, dar nu \u00een ultimul r\u00e2nd juriul format din:<\/p>\n<p>1.Domn. director adjunct Ruff Sofia<br \/>\n2.Prof. Holczberger Reimond<br \/>\n3.Reprezentantul domn. Copos :Mure\u015fan Daniel<br \/>\n4. Reprezentantul domn. doctor stomatolog Lavinia Boldan : Ungur Teodora<br \/>\n5. Miss Boboc 2013: Miterici Adina<br \/>\n6. Mister Boboc 2013: Dulgheriu Alexandru<\/p>\n<p style=\"text-align: justify;\">Prima prob\u0103 a fost &#8220;Prezentarea&#8221;, unde bobocii no\u015ftri s-au \u00eentrecut \u00een poezii(spre surprinderea organizatorilor). Fiecare s-a prezentat c\u00e2t a \u015ftiut de original \u015fi frumos.<\/p>\n<p style=\"text-align: justify;\">Odat\u0103 boboceii prezenta\u0163i a urmat un spectacol oferit de cei din trupa Celtic Fire, trupa, care a luat fiin\u0163\u0103 pe dat\u0103 de 02.04.2005 datorit\u0103 unui vis al coordonatoarei trupei, Anca Erdei, \u015fi anume acela de a promova cultura irlandez\u0103 \u00een Rom\u00e2nia.<\/p>\n<p>Proba a dou\u0103 a fost reprezentat\u0103 de proba de dans. Bobocii au dansat cinsprezece minute \u00een \u015fir pe mai multe stiluri de dans, demonstr\u00e2nd c\u0103 se pricep \u015fi la dans, unii fiind prea \u00eencorda\u0163i al\u0163ii mult prea libertini; esen\u0163ialul fiind \u00een cele din urm\u0103 distrac\u0163ia.<\/p>\n<p style=\"text-align: justify;\">Momentele de diverisment au continuat cu &#8220;Pantomim\u0103 &#8221; organizatorilor. Lupta dintre genurile de muzic\u0103 \u015fi stilurile de dans. A fost un amuzament total deoarece am fost \u00eembr\u0103ca\u0163i cu fel de fel de haine unora fiindu-le mici, sau din contr\u0103 prea mari sau vechi, c\u00e2t despre interpretare am intrat cu tot sufletul \u00een pielea personajelor.&#8221;Via\u0163\u0103 e prea scurt\u0103 pentru a avea regrete, \u00eencerca s\u0103 te organizezi astfel \u00eenc\u00e2t s\u0103 nu ui\u0163i de tine \u015fi de cei din jurul t\u0103u.&#8221;<\/p>\n<p style=\"text-align: justify;\">Acest moment a fost urmat de proba karaoke, manier\u0103 de divertisment muzical, individual sau colectiv, care const\u0103 \u00een a c\u00e2nta pe un fond muzical \u00eenregistrat.<\/p>\n<p style=\"text-align: justify;\">Participan\u0163ii au c\u00e2ntat sau au \u00eencercat s\u0103 c\u00e2nte, dar nu exist\u0103 perfec\u0163iune \u015fi emo\u0163iile \u015fi-au spus cuv\u00e2ntul.<br \/>\nAgita\u0163ia din r\u00e2ndul organizatorilor la aceast\u0103 prob\u0103 a rezultat un moment de umor pentru public \u015fi boboci deoarece organizatoarele uitaser\u0103 de &#8220;bolul magic&#8221; care nu \u00ee\u015fi f\u0103cea apari\u0163ia&#8230;situa\u0163ie din care ne-a scos prezentatorul.<br \/>\nShow-ul nu a fost doar un concurs de Miss \u015fi Mister, ci \u015fi de numeroase momente artistice. Momentul meu favorit \u00een care am fost prezent\u0103 considerat de c\u0103tre mine &#8221; Cirea\u015fa de pe tort&#8221; a fost dansul fetelor din clasa a XI-a. \u00cemi r\u0103scolesc prin minte primele imagini referitoare la acest dans plin de pasiune, energie \u015fi z\u00e2mbet (cel pu\u0163in din partea mea).<br \/>\nUna dintre pasiunile mele este dansul \u015fi atunci c\u00e2nd dansez simt c\u0103 tr\u0103iesc, c\u0103 renasc! A fost un prilej de bucurie \u015fi satisfac\u0163ie c\u00e2nd domni\u015foar\u0103 Farc\u0103u Natalia a acceptat s\u0103 ne fie coregraf\u0103 la acel mirific dans&#8230;\u015fi pentru asta \u00eei mul\u0163umim.<\/p>\n<p style=\"text-align: justify;\">Ultima proba \u00eenainte de deliberare a fost cea surpriz\u0103. Proba pe care concuren\u0163ii au aflat-o la momentul respectiv. Au fost probe g\u00e2ndite de c\u0103tre organizatori, rezult\u00e2nd bine\u00een\u0163eles nebunia \u015fi bogata imagina\u0163ie a lor. Probe cum ar fi : s\u0103 danseze dansul pinguinului cu un bol de ap\u0103 \u00een m\u00e2n\u0103, machiajul reciproc, manelizarea unei piese, etc.<\/p>\n<p style=\"text-align: justify;\">\u00cen timp ce juriul delibera minunata Anna Maria Mih\u0103ie\u015f a delectat publicul cu numeroase c\u00e2ntece al\u0103turi de ea st\u0103p\u00e2nindu-\u015fi ultimele emo\u0163ii, concuren\u0163ii.<br \/>\nPe m\u0103sur\u0103 ce trece timpul amintirile se \u00eenmul\u0163esc. Pe m\u0103sur\u0103 ce se \u00eenmul\u0163esc cele mai frumoase tind s\u0103 r\u0103m\u00e2n\u0103 undeva, \u00eentr-un col\u0163 permanent de memorie. De aceea uneori e bine s\u0103 ne amintim \u015fi s\u0103 retr\u0103im acele \u00eent\u00e2mpl\u0103ri, care nu au leg\u0103tur\u0103 cu nimic, dar care la momentul producerii ei a avut un efect foarte puternic asupra noastr\u0103, a celor care erau de fa\u0163\u0103.<br \/>\n\u015ei dup\u0103 ore de emo\u0163ii am ajuns \u015fi la momentul mult a\u015fteptat. Bobocii s-au descurcat cum au \u015ftiut mai bine demonstr\u00e2nd c\u0103 sunt talenta\u0163i.<\/p>\n<p style=\"text-align: justify;\">Titlul de Miss Popularitate a fost desemnat \u00een urm\u0103 voturilor de pe re\u0163eaua de socializare facebook: Turcas Lavinia.<\/p>\n<p>Titlul de Mister Popularitate Ilie\u015f Andrei.<br \/>\nUrmate de premiile deliberate de juriu:<br \/>\nPremiul III la fete: Turau Ioana.<br \/>\nPremiul III la b\u0103ie\u0163i: Ilie\u015f Andrei.<br \/>\nPremiul \u00ceI la fete: Bala\u015f Lorena.<br \/>\nPremiul \u00ceI la b\u0103ie\u0163i: Cristea Nicolae<\/p>\n<p style=\"text-align: justify;\">Titlul de MISS BOBOC 2014 a fost c\u00e2\u015ftigat de Ilie\u015f Larisa, care \u00eentrebat\u0103 fiind care este cheia succesului a m\u0103rturisit: &#8221; Nu cred c\u0103 exist\u0103 o cheie a succesului. Cred c\u0103 simplitatea este o cheie a succesului&#8230;&#8221;.<br \/>\nTitlul de MISTER BOBOC 2014 a fost c\u00e2\u015ftigat de Petrariu Antonio care a m\u0103rturisit c\u0103: &#8221; Aceasta este cea mai frumoas\u0103 experien\u0163\u0103 a vie\u0163ii mele&#8230; &#8220;.<br \/>\nMul\u0163umim at\u00e2t tuturor participan\u0163ilor pentru curajul de care au dat dovad\u0103 \u00eenscriindu-se \u00een acest\u0103 competi\u0163ie \u015fi \u00eenfrunt\u00e2nd seara cu elegan\u0163\u0103, c\u00e2t \u015fi colaboratorilor \u015fi sponsorilor.<br \/>\nDin minunata noastr\u0103 imagina\u0163ie \u015fi nebunie consider\u0103m \u015fi sper\u0103m c\u0103 a pl\u0103cut publicului.<\/p>\n<p style=\"text-align: justify;\"><a href=\"http:\/\/www.liceutasnad.eu\/wp-content\/uploads\/2014\/08\/51.jpg\"><img decoding=\"async\" loading=\"lazy\" class=\"size-full wp-image-1317 aligncenter\" src=\"http:\/\/www.liceutasnad.eu\/wp-content\/uploads\/2014\/08\/51.jpg\" alt=\"51\" width=\"442\" height=\"248\" srcset=\"https:\/\/www.liceutasnad.eu\/wp-content\/uploads\/2014\/08\/51.jpg 442w, https:\/\/www.liceutasnad.eu\/wp-content\/uploads\/2014\/08\/51-300x168.jpg 300w\" sizes=\"(max-width: 442px) 100vw, 442px\" \/><\/a><\/p>\n<p style=\"text-align: right;\"><strong>Articol realizat de <\/strong><br \/>\n<strong>Florina Vasilica Maria \u0162\u00e2rlea<\/strong><\/p>\n<hr \/>\n","protected":false},"excerpt":{"rendered":"<p>\u00a0Ziua por\u0163ilor deschise La fel ca \u00een fiecare an, liceul nostru organizeaz\u0103 Ziua Por\u0163ilor Deschise pentru ca tinerii boboci s\u0103 poat\u01ce vedea ceea ce \u00eei a\u015feapt\u0103 \u00een urm\u01cetorii ani, s\u01ce fac\u01ce cuno\u015ftin\u0163\u0103 cu profesorii, dar \u00een special s\u0103 se acomodeze. &hellip; <a href=\"https:\/\/www.liceutasnad.eu\/?page_id=1100\">Continue reading <span class=\"meta-nav\">&rarr;<\/span><\/a><\/p>\n","protected":false},"author":1,"featured_media":0,"parent":1182,"menu_order":4,"comment_status":"open","ping_status":"open","template":"","meta":[],"_links":{"self":[{"href":"https:\/\/www.liceutasnad.eu\/index.php?rest_route=\/wp\/v2\/pages\/1100"}],"collection":[{"href":"https:\/\/www.liceutasnad.eu\/index.php?rest_route=\/wp\/v2\/pages"}],"about":[{"href":"https:\/\/www.liceutasnad.eu\/index.php?rest_route=\/wp\/v2\/types\/page"}],"author":[{"embeddable":true,"href":"https:\/\/www.liceutasnad.eu\/index.php?rest_route=\/wp\/v2\/users\/1"}],"replies":[{"embeddable":true,"href":"https:\/\/www.liceutasnad.eu\/index.php?rest_route=%2Fwp%2Fv2%2Fcomments&post=1100"}],"version-history":[{"count":22,"href":"https:\/\/www.liceutasnad.eu\/index.php?rest_route=\/wp\/v2\/pages\/1100\/revisions"}],"predecessor-version":[{"id":1892,"href":"https:\/\/www.liceutasnad.eu\/index.php?rest_route=\/wp\/v2\/pages\/1100\/revisions\/1892"}],"up":[{"embeddable":true,"href":"https:\/\/www.liceutasnad.eu\/index.php?rest_route=\/wp\/v2\/pages\/1182"}],"wp:attachment":[{"href":"https:\/\/www.liceutasnad.eu\/index.php?rest_route=%2Fwp%2Fv2%2Fmedia&parent=1100"}],"curies":[{"name":"wp","href":"https:\/\/api.w.org\/{rel}","templated":true}]}}